{"id":1260,"date":"2022-09-29T15:51:50","date_gmt":"2022-09-29T13:51:50","guid":{"rendered":"https:\/\/gerd-millmann.at\/?page_id=1260"},"modified":"2022-09-29T15:51:50","modified_gmt":"2022-09-29T13:51:50","slug":"haftungsausschluss","status":"publish","type":"page","link":"https:\/\/gerd-millmann.at\/?page_id=1260","title":{"rendered":"Haftungsausschluss"},"content":{"rendered":"\n<!-- Legal document generated by Complianz | GDPR\/CCPA Cookie Consent https:\/\/wordpress.org\/plugins\/complianz-gdpr -->\n<div id=\"cmplz-document\" class=\"cmplz-document disclaimer cmplz-document-all\"><p>Gerd Millmann ist dazu verpflichtet, diese Website aktuell und akkurat zu halten. Solltest du dennoch auf irgendetwas sto\u00dfen, das veraltet oder inkorrekt ist, w\u00fcrden wir es sch\u00e4tzen, wenn du es uns wissen l\u00e4sst. Bitte weise darauf hin, wo du auf der Seite die Information gelesen hast. Wir werden uns dann so schnell wie m\u00f6glich darum k\u00fcmmern. Bitte sende deine R\u00fcckmeldung an: <span class=\"cmplz-obfuscate\">&#111;&#102;&#102;i&#099;&#101;@<span class=\"cmplz-fmail-domain\">e&#120;.&#099;o&#109;<\/span>&#103;e&#114;d&#045;&#109;i&#108;l&#109;&#097;&#110;n&#046;&#097;t<\/span>.<\/p><p>Wenn du Fragen oder Probleme mit der Verf\u00fcgbarkeit der Website hast, z\u00f6gere nicht uns zu kontaktieren.<\/p><\/div>\n","protected":false},"excerpt":{"rendered":"","protected":false},"author":1,"featured_media":0,"parent":0,"menu_order":0,"comment_status":"closed","ping_status":"closed","template":"","meta":{"footnotes":""},"class_list":["post-1260","page","type-page","status-publish","hentry"],"yoast_head":"<!-- This site is optimized with the Yoast SEO plugin v27.5 - https:\/\/yoast.com\/product\/yoast-seo-wordpress\/ -->\n<title>Haftungsausschluss - Mag. Gerd Millmann<\/title>\n<meta name=\"robots\" content=\"index, follow, max-snippet:-1, max-image-preview:large, max-video-preview:-1\" \/>\n<link rel=\"canonical\" href=\"https:\/\/gerd-millmann.at\/?page_id=1260\" \/>\n<meta property=\"og:locale\" content=\"de_DE\" \/>\n<meta property=\"og:type\" content=\"article\" \/>\n<meta property=\"og:title\" content=\"Haftungsausschluss - Mag. Gerd Millmann\" \/>\n<meta property=\"og:url\" content=\"https:\/\/gerd-millmann.at\/?page_id=1260\" \/>\n<meta property=\"og:site_name\" content=\"Mag. Gerd Millmann\" \/>\n<meta property=\"article:publisher\" content=\"https:\/\/www.facebook.com\/profile.php?id=1221733024\" \/>\n<meta name=\"twitter:card\" content=\"summary_large_image\" \/>\n<meta name=\"twitter:site\" content=\"@GerdMillmann\" \/>\n<script type=\"application\/ld+json\" class=\"yoast-schema-graph\">{\"@context\":\"https:\\\/\\\/schema.org\",\"@graph\":[{\"@type\":\"WebPage\",\"@id\":\"https:\\\/\\\/gerd-millmann.at\\\/?page_id=1260\",\"url\":\"https:\\\/\\\/gerd-millmann.at\\\/?page_id=1260\",\"name\":\"Haftungsausschluss - Mag. Gerd Millmann\",\"isPartOf\":{\"@id\":\"https:\\\/\\\/gerd-millmann.at\\\/#website\"},\"datePublished\":\"2022-09-29T13:51:50+00:00\",\"breadcrumb\":{\"@id\":\"https:\\\/\\\/gerd-millmann.at\\\/?page_id=1260#breadcrumb\"},\"inLanguage\":\"de\",\"potentialAction\":[{\"@type\":\"ReadAction\",\"target\":[\"https:\\\/\\\/gerd-millmann.at\\\/?page_id=1260\"]}]},{\"@type\":\"BreadcrumbList\",\"@id\":\"https:\\\/\\\/gerd-millmann.at\\\/?page_id=1260#breadcrumb\",\"itemListElement\":[{\"@type\":\"ListItem\",\"position\":1,\"name\":\"Startseite\",\"item\":\"https:\\\/\\\/gerd-millmann.at\\\/\"},{\"@type\":\"ListItem\",\"position\":2,\"name\":\"Haftungsausschluss\"}]},{\"@type\":\"WebSite\",\"@id\":\"https:\\\/\\\/gerd-millmann.at\\\/#website\",\"url\":\"https:\\\/\\\/gerd-millmann.at\\\/\",\"name\":\"Mag. Gerd Millmann\",\"description\":\"Autor, Journalist, PR Berater, Public Affairs, Sportler\",\"publisher\":{\"@id\":\"https:\\\/\\\/gerd-millmann.at\\\/#organization\"},\"potentialAction\":[{\"@type\":\"SearchAction\",\"target\":{\"@type\":\"EntryPoint\",\"urlTemplate\":\"https:\\\/\\\/gerd-millmann.at\\\/?s={search_term_string}\"},\"query-input\":{\"@type\":\"PropertyValueSpecification\",\"valueRequired\":true,\"valueName\":\"search_term_string\"}}],\"inLanguage\":\"de\"},{\"@type\":\"Organization\",\"@id\":\"https:\\\/\\\/gerd-millmann.at\\\/#organization\",\"name\":\"Mag. Gerd Millmann\",\"url\":\"https:\\\/\\\/gerd-millmann.at\\\/\",\"logo\":{\"@type\":\"ImageObject\",\"inLanguage\":\"de\",\"@id\":\"https:\\\/\\\/gerd-millmann.at\\\/#\\\/schema\\\/logo\\\/image\\\/\",\"url\":\"https:\\\/\\\/gerd-millmann.at\\\/wp-content\\\/uploads\\\/2016\\\/07\\\/gerdmillmannblicknachlinks1.jpeg\",\"contentUrl\":\"https:\\\/\\\/gerd-millmann.at\\\/wp-content\\\/uploads\\\/2016\\\/07\\\/gerdmillmannblicknachlinks1.jpeg\",\"width\":450,\"height\":450,\"caption\":\"Mag. Gerd Millmann\"},\"image\":{\"@id\":\"https:\\\/\\\/gerd-millmann.at\\\/#\\\/schema\\\/logo\\\/image\\\/\"},\"sameAs\":[\"https:\\\/\\\/www.facebook.com\\\/profile.php?id=1221733024\",\"https:\\\/\\\/x.com\\\/GerdMillmann\",\"https:\\\/\\\/at.linkedin.com\\\/in\\\/gerd-millmann\",\"https:\\\/\\\/www.xing.com\\\/profile\\\/Gerd_Millmann2\\\/\"]}]}<\/script>\n<!-- \/ Yoast SEO plugin. -->","yoast_head_json":{"title":"Haftungsausschluss - Mag. Gerd Millmann","robots":{"index":"index","follow":"follow","max-snippet":"max-snippet:-1","max-image-preview":"max-image-preview:large","max-video-preview":"max-video-preview:-1"},"canonical":"https:\/\/gerd-millmann.at\/?page_id=1260","og_locale":"de_DE","og_type":"article","og_title":"Haftungsausschluss - Mag. Gerd Millmann","og_url":"https:\/\/gerd-millmann.at\/?page_id=1260","og_site_name":"Mag. Gerd Millmann","article_publisher":"https:\/\/www.facebook.com\/profile.php?id=1221733024","twitter_card":"summary_large_image","twitter_site":"@GerdMillmann","schema":{"@context":"https:\/\/schema.org","@graph":[{"@type":"WebPage","@id":"https:\/\/gerd-millmann.at\/?page_id=1260","url":"https:\/\/gerd-millmann.at\/?page_id=1260","name":"Haftungsausschluss - Mag. Gerd Millmann","isPartOf":{"@id":"https:\/\/gerd-millmann.at\/#website"},"datePublished":"2022-09-29T13:51:50+00:00","breadcrumb":{"@id":"https:\/\/gerd-millmann.at\/?page_id=1260#breadcrumb"},"inLanguage":"de","potentialAction":[{"@type":"ReadAction","target":["https:\/\/gerd-millmann.at\/?page_id=1260"]}]},{"@type":"BreadcrumbList","@id":"https:\/\/gerd-millmann.at\/?page_id=1260#breadcrumb","itemListElement":[{"@type":"ListItem","position":1,"name":"Startseite","item":"https:\/\/gerd-millmann.at\/"},{"@type":"ListItem","position":2,"name":"Haftungsausschluss"}]},{"@type":"WebSite","@id":"https:\/\/gerd-millmann.at\/#website","url":"https:\/\/gerd-millmann.at\/","name":"Mag. Gerd Millmann","description":"Autor, Journalist, PR Berater, Public Affairs, Sportler","publisher":{"@id":"https:\/\/gerd-millmann.at\/#organization"},"potentialAction":[{"@type":"SearchAction","target":{"@type":"EntryPoint","urlTemplate":"https:\/\/gerd-millmann.at\/?s={search_term_string}"},"query-input":{"@type":"PropertyValueSpecification","valueRequired":true,"valueName":"search_term_string"}}],"inLanguage":"de"},{"@type":"Organization","@id":"https:\/\/gerd-millmann.at\/#organization","name":"Mag. Gerd Millmann","url":"https:\/\/gerd-millmann.at\/","logo":{"@type":"ImageObject","inLanguage":"de","@id":"https:\/\/gerd-millmann.at\/#\/schema\/logo\/image\/","url":"https:\/\/gerd-millmann.at\/wp-content\/uploads\/2016\/07\/gerdmillmannblicknachlinks1.jpeg","contentUrl":"https:\/\/gerd-millmann.at\/wp-content\/uploads\/2016\/07\/gerdmillmannblicknachlinks1.jpeg","width":450,"height":450,"caption":"Mag. Gerd Millmann"},"image":{"@id":"https:\/\/gerd-millmann.at\/#\/schema\/logo\/image\/"},"sameAs":["https:\/\/www.facebook.com\/profile.php?id=1221733024","https:\/\/x.com\/GerdMillmann","https:\/\/at.linkedin.com\/in\/gerd-millmann","https:\/\/www.xing.com\/profile\/Gerd_Millmann2\/"]}]}},"_links":{"self":[{"href":"https:\/\/gerd-millmann.at\/index.php?rest_route=\/wp\/v2\/pages\/1260","targetHints":{"allow":["GET"]}}],"collection":[{"href":"https:\/\/gerd-millmann.at\/index.php?rest_route=\/wp\/v2\/pages"}],"about":[{"href":"https:\/\/gerd-millmann.at\/index.php?rest_route=\/wp\/v2\/types\/page"}],"author":[{"embeddable":true,"href":"https:\/\/gerd-millmann.at\/index.php?rest_route=\/wp\/v2\/users\/1"}],"replies":[{"embeddable":true,"href":"https:\/\/gerd-millmann.at\/index.php?rest_route=%2Fwp%2Fv2%2Fcomments&post=1260"}],"version-history":[{"count":0,"href":"https:\/\/gerd-millmann.at\/index.php?rest_route=\/wp\/v2\/pages\/1260\/revisions"}],"wp:attachment":[{"href":"https:\/\/gerd-millmann.at\/index.php?rest_route=%2Fwp%2Fv2%2Fmedia&parent=1260"}],"curies":[{"name":"wp","href":"https:\/\/api.w.org\/{rel}","templated":true}]}}