{"id":13,"date":"2016-07-18T10:59:35","date_gmt":"2016-07-18T10:59:35","guid":{"rendered":"https:\/\/gerdmillmann.wordpress.com\/?page_id=13"},"modified":"2016-07-18T10:59:35","modified_gmt":"2016-07-18T10:59:35","slug":"buch-auf-der-uberholspur","status":"publish","type":"page","link":"https:\/\/gerd-millmann.at\/?page_id=13","title":{"rendered":"Buch: Auf der \u00dcberholspur"},"content":{"rendered":"<h3>Herbert Cordt (Hrsg), Gerd Millmann, Helmut Kramer:<\/h3>\n<h2>Auf der \u00dcberholspur.<br \/>\nZeitzeugen \u00fcber das Goldene Zeitalter der \u00f6sterreichischen Wirtschaft, vom Staatsvertrag bis heute.<\/h2>\n<p>Molden Verlag, erschienen am 26. 10. 2015, 224 Seiten.<br \/>\nBuch: <b>ISBN-10:<\/b> 385485336X, <b>ISBN-13:<\/b> 978-3854853367<br \/>\nKindle E-Book: <b>ASIN:<\/b> B018LXD2XE<\/p>\n<p><a href=\"https:\/\/www.amazon.de\/dp\/385485336X\/ref=cm_sw_em_r_mt_dp_mOlJxbY0VTE3R\" target=\"_blank\" rel=\"noopener\">Weiter zur Bestellung auf amazon.de!<\/a><\/p>\n<blockquote>\n<div id=\"attachment_761\" style=\"width: 270px\" class=\"wp-caption alignright\"><img fetchpriority=\"high\" decoding=\"async\" aria-describedby=\"caption-attachment-761\" class=\"alignnone  wp-image-761\" src=\"https:\/\/gerd-millmann.at\/wp-content\/uploads\/2016\/07\/aufderueberholspur.jpg\" alt=\"Cover Auf der \u00dcberholspur\" width=\"260\" height=\"418\" srcset=\"https:\/\/gerd-millmann.at\/wp-content\/uploads\/2016\/07\/aufderueberholspur.jpg 403w, https:\/\/gerd-millmann.at\/wp-content\/uploads\/2016\/07\/aufderueberholspur-187x300.jpg 187w\" sizes=\"(max-width: 260px) 100vw, 260px\" \/><p id=\"caption-attachment-761\" class=\"wp-caption-text\">Auf der \u00dcberholspur<\/p><\/div>\n<p>Wie war das wirklich bei der Verstaatlichtenkrise 1986, beim Verkauf der CA an die Bank Austria 1997 oder bei der Notverstaatlichung der Hypo Alpe Adria im Jahr 2009? Und was sagen 40 namhafte Unternehmer, Banker, Politiker und Macher<br \/>\nzu TTIP, Bankenkrise und Standortwettbewerb?<br \/>\nIm pers\u00f6nlich gehaltenen Plauderton beleuchten \u00d6sterreichs &#8222;Wirtschafts-Legenden&#8220; bisher unver\u00f6ffentlichte Hintergr\u00fcnde der gro\u00dfen und kleinen Wendepunkte der Wirtschaftsgeschichte \u00d6sterreichs. Es zeigt sich: Es menschelt sehr in den Manageretagen und auch der Zufall ist ein bestimmender \u00f6konomischer Faktor. Sechzig Jahre Wirtschaftsgeschichte aus erster Hand: Die Gespr\u00e4che f\u00fchrten der Industrielle Herbert Cordt und der investigative Journalist Gerd Millmann. Der langj\u00e4hrige WIFO-Vorsitzende Helmut Kramer erkl\u00e4rt die zeithistorischen \u00f6konomischen Hintergr\u00fcnde der Geschehnisse. Interviews u. a. mit: Rudolf Streicher, Josef Taus, Hannes Androsch, Ferdinand Lacina, Andreas Treichl, Herbert Krejci, Christian Konrad, Claus Raidl, Wolfgang Hesoun, Georg Kapsch, Franz Vranitzky.<\/p><\/blockquote>\n<h2>\u00dcber die Autoren<\/h2>\n<ul>\n<li><strong>Dr. Herbert Cordt, MSc.<\/strong> (Hrsg.), geboren 1947, Jurist, Absolvent der Diplomatischen Akademie, Master of Science in Foreign Service an der Georgetwon University, Washington D. C.;\u00a0 Industrieller, Aufsichstartsvorsitzender der RHI AG Wien.<\/li>\n<li><strong>Univ.-Prof Dr. Helmut Kramer<\/strong>, geboren 1939, Finanzwissenschaftler, em. Universit\u00e4tsprofessor f\u00fcr Wirtschaftspolitik, 1981\u20132005 Leiter des WIFO, Mitglied des Beirats f\u00fcr Wirtschafts- und Sozialfragen, 2005\u20132007 Rektor der Donau-Universit\u00e4t Krems, Autor zahlreicher Publikationen.<\/li>\n<li><strong>Mag. Gerd Millmann<\/strong>, geboren 1962, Studium der Politikwissenschaft, journalistische T\u00e4tigkeit u. a. bei Die ZEIT (\u00d6sterreich-Ausgabe): Ghostwriter, Politikberater, freier Journalist.<\/li>\n<\/ul>\n<h2>\u00dcber die interviewten Personen<\/h2>\n<p>Dank Herbert Cordt finden sich auf der Website <a href=\"http:\/\/www.aufderueberholspur.at\" target=\"_blank\" rel=\"noopener\">http:\/\/www.aufderueberholspur.at<\/a> weiteres Material rund um das Buch und insbesondere die kompletten Mitschriften aller Interviews:<\/p>\n<p><a href=\"http:\/\/www.aufderueberholspur.at\/files\/interviews\/Androsch.pdf\" target=\"_blank\" rel=\"noopener\">Dr. Hannes Androsch<\/a>, <a href=\"http:\/\/www.aufderueberholspur.at\/files\/interviews\/Brandstetter.pdf\" target=\"_blank\" rel=\"noopener\">Dr. Andreas Brandstetter<\/a>, <a href=\"http:\/\/www.aufderueberholspur.at\/files\/interviews\/Cernko.pdf\" target=\"_blank\" rel=\"noopener\">Willibald Cernko<\/a>, <a href=\"http:\/\/www.aufderueberholspur.at\/files\/interviews\/Cordt.pdf\" target=\"_blank\" rel=\"noopener\">Dr. Herbert Cordt<\/a>, <a href=\"http:\/\/www.aufderueberholspur.at\/files\/interviews\/Draxler.pdf\" target=\"_blank\" rel=\"noopener\">Dr. Helmut Draxler<\/a>, <a href=\"http:\/\/www.aufderueberholspur.at\/files\/interviews\/Geyer.pdf\" target=\"_blank\" rel=\"noopener\">Dr. G\u00fcnter Geyer<\/a>, <a href=\"http:\/\/www.aufderueberholspur.at\/files\/interviews\/Gr%C3%BCnwald.pdf\" target=\"_blank\" rel=\"noopener\">Dr. Oskar Gr\u00fcnwald<\/a>, <a href=\"http:\/\/www.aufderueberholspur.at\/files\/interviews\/Haiden.pdf\" target=\"_blank\" rel=\"noopener\">Dr. Ren\u00e9 Alfons Haiden<\/a>,<br \/>\n<a href=\"http:\/\/www.aufderueberholspur.at\/files\/interviews\/Hesoun.pdf\" target=\"_blank\" rel=\"noopener\">Dipl.-Ing. Wolfgang Hesoun<\/a>, <a href=\"http:\/\/www.aufderueberholspur.at\/files\/interviews\/Hoermanseder.pdf\" target=\"_blank\" rel=\"noopener\">Dr. Wilhelm H\u00f6rmanseder<\/a>, <a href=\"http:\/\/www.aufderueberholspur.at\/files\/interviews\/Kapsch.pdf\">Mag. Georg Kapsch<\/a>, <a href=\"http:\/\/www.aufderueberholspur.at\/files\/interviews\/Kienzl.pdf\" target=\"_blank\" rel=\"noopener\">Dr. Heinz Kienzl<\/a>, <a href=\"http:\/\/www.aufderueberholspur.at\/files\/interviews\/Konrad.pdf\" target=\"_blank\" rel=\"noopener\">Dr. Christian Konrad<\/a>, <a href=\"http:\/\/www.aufderueberholspur.at\/files\/interviews\/Kopetz.pdf\" target=\"_blank\" rel=\"noopener\">Dr. Hermann Kopetz sowie Mag. Georg Kopetz und Dr. Stefan Poledna (TTTech)<\/a>, <a href=\"http:\/\/www.aufderueberholspur.at\/files\/interviews\/Kramer.pdf\" target=\"_blank\" rel=\"noopener\">Dr. Helmut Kramer (vollst\u00e4ndiger Beitrag)<\/a>, <a href=\"http:\/\/www.aufderueberholspur.at\/files\/interviews\/Krejci.pdf\" target=\"_blank\" rel=\"noopener\">Prof. Herbert Krejci<\/a>, <a href=\"http:\/\/www.aufderueberholspur.at\/files\/interviews\/Lacina.pdf\" target=\"_blank\" rel=\"noopener\">Dkfm. Ferdinand Lacina<\/a>, <a href=\"http:\/\/www.aufderueberholspur.at\/files\/interviews\/Lehner.pdf\" target=\"_blank\" rel=\"noopener\">Dr. Dionys Lehner<\/a>, <a href=\"http:\/\/www.aufderueberholspur.at\/files\/interviews\/Liebscher.pdf\" target=\"_blank\" rel=\"noopener\">Dr. Klaus Liebscher<\/a>, <a href=\"http:\/\/www.aufderueberholspur.at\/files\/interviews\/Longin.pdf\" target=\"_blank\" rel=\"noopener\">Dr. Hellmut Longin<\/a>, <a href=\"http:\/\/www.aufderueberholspur.at\/files\/interviews\/Stellungnahme_Ressler_Longin.pdf\" target=\"_blank\" rel=\"noopener\">nachtr\u00e4gliche Stellungnahme von Dr. Ressler zu Interview Dr. Longin<\/a>, <a href=\"http:\/\/www.aufderueberholspur.at\/files\/interviews\/Marihart.pdf\" target=\"_blank\" rel=\"noopener\">Dipl.-Ing. Johann Marihart<\/a>, <a href=\"http:\/\/www.aufderueberholspur.at\/files\/interviews\/Mauhart.pdf\" target=\"_blank\" rel=\"noopener\">Beppo Mauhart sowie Dr. Horst Schreiber und Dr. Meinrad Ziegler<\/a>, <a href=\"http:\/\/www.aufderueberholspur.at\/files\/interviews\/Mitterbauer.pdf\" target=\"_blank\" rel=\"noopener\">Dipl.-Ing. Peter Mitterbauer<\/a>, <a href=\"http:\/\/www.aufderueberholspur.at\/files\/interviews\/Raidl.pdf\" target=\"_blank\" rel=\"noopener\">Dr. Claus Raidl<\/a>, <a href=\"http:\/\/www.aufderueberholspur.at\/files\/interviews\/Rathkolb.pdf\" target=\"_blank\" rel=\"noopener\">Dr. Oliver Rathkolb (vollst\u00e4ndiger Beitrag)<\/a>, <a href=\"http:\/\/www.aufderueberholspur.at\/files\/interviews\/Ressler.pdf\" target=\"_blank\" rel=\"noopener\">Dr. Walter Ressler<\/a>, <a href=\"http:\/\/www.aufderueberholspur.at\/files\/interviews\/Rhomberg.pdf\" target=\"_blank\" rel=\"noopener\">Dipl.-Ing. G\u00fcnter Rhomberg<\/a>, <a href=\"http:\/\/www.aufderueberholspur.at\/files\/interviews\/Rothensteiner.pdf\" target=\"_blank\" rel=\"noopener\">Dr. Walter Rothensteiner<\/a>, <a href=\"http:\/\/www.aufderueberholspur.at\/files\/interviews\/Ruttenstorfer.pdf\" target=\"_blank\" rel=\"noopener\">Dr. Wolfgang Ruttenstorfer<\/a>, <a href=\"http:\/\/www.aufderueberholspur.at\/files\/interviews\/Sevelda.pdf\" target=\"_blank\" rel=\"noopener\">Dr. Karl Sevelda<\/a>, <a href=\"http:\/\/www.aufderueberholspur.at\/files\/interviews\/Sorger.pdf\">Dr. Veit Sorger<\/a>, <a href=\"http:\/\/www.aufderueberholspur.at\/files\/interviews\/Streicher.pdf\" target=\"_blank\" rel=\"noopener\">Dr. Rudolf Streicher (vollst\u00e4ndiger Beitrag)<\/a>, <a href=\"http:\/\/www.aufderueberholspur.at\/files\/interviews\/Struzl.pdf\" target=\"_blank\" rel=\"noopener\">Dkfm. Franz Struzl<\/a>, <a href=\"http:\/\/www.aufderueberholspur.at\/files\/interviews\/Taus.pdf\" target=\"_blank\" rel=\"noopener\">Dr. Josef Taus<\/a>, <a href=\"http:\/\/www.aufderueberholspur.at\/files\/interviews\/Treichl.pdf\" target=\"_blank\" rel=\"noopener\">Mag. Andreas Treichl<\/a>, <a href=\"http:\/\/www.aufderueberholspur.at\/files\/interviews\/Vranitzky_Hollweger.pdf\" target=\"_blank\" rel=\"noopener\">Dr. Franz Vranitzky sowie Dkfm. Karl Hollweger<\/a>, <a href=\"http:\/\/www.aufderueberholspur.at\/files\/interviews\/Wala.pdf\" target=\"_blank\" rel=\"noopener\">Adolf Wala<\/a>, <a href=\"http:\/\/www.aufderueberholspur.at\/files\/interviews\/Wieser.pdf\" target=\"_blank\" rel=\"noopener\">Dipl.-Ing. Helmut Wieser<\/a> und<br \/>\n<a href=\"http:\/\/www.aufderueberholspur.at\/files\/interviews\/Zimmermann.pdf\" target=\"_blank\" rel=\"noopener\">Mag. Norbert Zimmermann<\/a>.<\/p>\n","protected":false},"excerpt":{"rendered":"<p>Herbert Cordt (Hrsg), Gerd Millmann, Helmut Kramer: Auf der \u00dcberholspur. Zeitzeugen \u00fcber das Goldene Zeitalter der \u00f6sterreichischen Wirtschaft, vom Staatsvertrag bis heute. Molden Verlag, erschienen am 26. 10. 2015, 224 Seiten. Buch: ISBN-10: 385485336X, ISBN-13: 978-3854853367 Kindle E-Book: ASIN: B018LXD2XE&#8230; <a class=\"more-link\" href=\"https:\/\/gerd-millmann.at\/?page_id=13\">Weiterlesen &rarr;<\/a><\/p>\n","protected":false},"author":2,"featured_media":0,"parent":11,"menu_order":0,"comment_status":"closed","ping_status":"closed","template":"","meta":{"footnotes":""},"class_list":["post-13","page","type-page","status-publish","hentry"],"yoast_head":"<!-- This site is optimized with the Yoast SEO plugin v27.3 - https:\/\/yoast.com\/product\/yoast-seo-wordpress\/ -->\n<title>Buch: Auf der \u00dcberholspur - Mag. Gerd Millmann<\/title>\n<meta name=\"robots\" content=\"index, follow, max-snippet:-1, max-image-preview:large, max-video-preview:-1\" \/>\n<link rel=\"canonical\" href=\"https:\/\/gerd-millmann.at\/?page_id=13\" \/>\n<meta property=\"og:locale\" content=\"de_DE\" \/>\n<meta property=\"og:type\" content=\"article\" \/>\n<meta property=\"og:title\" content=\"Buch: Auf der \u00dcberholspur - Mag. Gerd Millmann\" \/>\n<meta property=\"og:description\" content=\"Herbert Cordt (Hrsg), Gerd Millmann, Helmut Kramer: Auf der \u00dcberholspur. Zeitzeugen \u00fcber das Goldene Zeitalter der \u00f6sterreichischen Wirtschaft, vom Staatsvertrag bis heute. Molden Verlag, erschienen am 26. 10. 2015, 224 Seiten. Buch: ISBN-10: 385485336X, ISBN-13: 978-3854853367 Kindle E-Book: ASIN: B018LXD2XE... Weiterlesen &rarr;\" \/>\n<meta property=\"og:url\" content=\"https:\/\/gerd-millmann.at\/?page_id=13\" \/>\n<meta property=\"og:site_name\" content=\"Mag. Gerd Millmann\" \/>\n<meta property=\"article:publisher\" content=\"https:\/\/www.facebook.com\/profile.php?id=1221733024\" \/>\n<meta property=\"og:image\" content=\"https:\/\/gerd-millmann.at\/wp-content\/uploads\/2016\/07\/aufderueberholspur.jpg\" \/>\n<meta name=\"twitter:card\" content=\"summary_large_image\" \/>\n<meta name=\"twitter:site\" content=\"@GerdMillmann\" \/>\n<meta name=\"twitter:label1\" content=\"Gesch\u00e4tzte Lesezeit\" \/>\n\t<meta name=\"twitter:data1\" content=\"2\u00a0Minuten\" \/>\n<script type=\"application\/ld+json\" class=\"yoast-schema-graph\">{\"@context\":\"https:\\\/\\\/schema.org\",\"@graph\":[{\"@type\":\"WebPage\",\"@id\":\"https:\\\/\\\/gerd-millmann.at\\\/?page_id=13\",\"url\":\"https:\\\/\\\/gerd-millmann.at\\\/?page_id=13\",\"name\":\"Buch: Auf der \u00dcberholspur - Mag. Gerd Millmann\",\"isPartOf\":{\"@id\":\"https:\\\/\\\/gerd-millmann.at\\\/#website\"},\"primaryImageOfPage\":{\"@id\":\"https:\\\/\\\/gerd-millmann.at\\\/?page_id=13#primaryimage\"},\"image\":{\"@id\":\"https:\\\/\\\/gerd-millmann.at\\\/?page_id=13#primaryimage\"},\"thumbnailUrl\":\"https:\\\/\\\/gerd-millmann.at\\\/wp-content\\\/uploads\\\/2016\\\/07\\\/aufderueberholspur.jpg\",\"datePublished\":\"2016-07-18T10:59:35+00:00\",\"breadcrumb\":{\"@id\":\"https:\\\/\\\/gerd-millmann.at\\\/?page_id=13#breadcrumb\"},\"inLanguage\":\"de\",\"potentialAction\":[{\"@type\":\"ReadAction\",\"target\":[\"https:\\\/\\\/gerd-millmann.at\\\/?page_id=13\"]}]},{\"@type\":\"ImageObject\",\"inLanguage\":\"de\",\"@id\":\"https:\\\/\\\/gerd-millmann.at\\\/?page_id=13#primaryimage\",\"url\":\"https:\\\/\\\/gerd-millmann.at\\\/wp-content\\\/uploads\\\/2016\\\/07\\\/aufderueberholspur.jpg\",\"contentUrl\":\"https:\\\/\\\/gerd-millmann.at\\\/wp-content\\\/uploads\\\/2016\\\/07\\\/aufderueberholspur.jpg\",\"width\":403,\"height\":648,\"caption\":\"Auf der \u00dcberholspur\"},{\"@type\":\"BreadcrumbList\",\"@id\":\"https:\\\/\\\/gerd-millmann.at\\\/?page_id=13#breadcrumb\",\"itemListElement\":[{\"@type\":\"ListItem\",\"position\":1,\"name\":\"Startseite\",\"item\":\"https:\\\/\\\/gerd-millmann.at\\\/\"},{\"@type\":\"ListItem\",\"position\":2,\"name\":\"Publikationen\",\"item\":\"https:\\\/\\\/gerd-millmann.at\\\/?page_id=11\"},{\"@type\":\"ListItem\",\"position\":3,\"name\":\"Buch: Auf der \u00dcberholspur\"}]},{\"@type\":\"WebSite\",\"@id\":\"https:\\\/\\\/gerd-millmann.at\\\/#website\",\"url\":\"https:\\\/\\\/gerd-millmann.at\\\/\",\"name\":\"Mag. Gerd Millmann\",\"description\":\"Autor, Journalist, PR Berater, Public Affairs, Sportler\",\"publisher\":{\"@id\":\"https:\\\/\\\/gerd-millmann.at\\\/#organization\"},\"potentialAction\":[{\"@type\":\"SearchAction\",\"target\":{\"@type\":\"EntryPoint\",\"urlTemplate\":\"https:\\\/\\\/gerd-millmann.at\\\/?s={search_term_string}\"},\"query-input\":{\"@type\":\"PropertyValueSpecification\",\"valueRequired\":true,\"valueName\":\"search_term_string\"}}],\"inLanguage\":\"de\"},{\"@type\":\"Organization\",\"@id\":\"https:\\\/\\\/gerd-millmann.at\\\/#organization\",\"name\":\"Mag. Gerd Millmann\",\"url\":\"https:\\\/\\\/gerd-millmann.at\\\/\",\"logo\":{\"@type\":\"ImageObject\",\"inLanguage\":\"de\",\"@id\":\"https:\\\/\\\/gerd-millmann.at\\\/#\\\/schema\\\/logo\\\/image\\\/\",\"url\":\"https:\\\/\\\/gerd-millmann.at\\\/wp-content\\\/uploads\\\/2016\\\/07\\\/gerdmillmannblicknachlinks1.jpeg\",\"contentUrl\":\"https:\\\/\\\/gerd-millmann.at\\\/wp-content\\\/uploads\\\/2016\\\/07\\\/gerdmillmannblicknachlinks1.jpeg\",\"width\":450,\"height\":450,\"caption\":\"Mag. Gerd Millmann\"},\"image\":{\"@id\":\"https:\\\/\\\/gerd-millmann.at\\\/#\\\/schema\\\/logo\\\/image\\\/\"},\"sameAs\":[\"https:\\\/\\\/www.facebook.com\\\/profile.php?id=1221733024\",\"https:\\\/\\\/x.com\\\/GerdMillmann\",\"https:\\\/\\\/at.linkedin.com\\\/in\\\/gerd-millmann\",\"https:\\\/\\\/www.xing.com\\\/profile\\\/Gerd_Millmann2\\\/\"]}]}<\/script>\n<!-- \/ Yoast SEO plugin. -->","yoast_head_json":{"title":"Buch: Auf der \u00dcberholspur - Mag. Gerd Millmann","robots":{"index":"index","follow":"follow","max-snippet":"max-snippet:-1","max-image-preview":"max-image-preview:large","max-video-preview":"max-video-preview:-1"},"canonical":"https:\/\/gerd-millmann.at\/?page_id=13","og_locale":"de_DE","og_type":"article","og_title":"Buch: Auf der \u00dcberholspur - Mag. Gerd Millmann","og_description":"Herbert Cordt (Hrsg), Gerd Millmann, Helmut Kramer: Auf der \u00dcberholspur. Zeitzeugen \u00fcber das Goldene Zeitalter der \u00f6sterreichischen Wirtschaft, vom Staatsvertrag bis heute. Molden Verlag, erschienen am 26. 10. 2015, 224 Seiten. Buch: ISBN-10: 385485336X, ISBN-13: 978-3854853367 Kindle E-Book: ASIN: B018LXD2XE... Weiterlesen &rarr;","og_url":"https:\/\/gerd-millmann.at\/?page_id=13","og_site_name":"Mag. Gerd Millmann","article_publisher":"https:\/\/www.facebook.com\/profile.php?id=1221733024","og_image":[{"url":"https:\/\/gerd-millmann.at\/wp-content\/uploads\/2016\/07\/aufderueberholspur.jpg","type":"","width":"","height":""}],"twitter_card":"summary_large_image","twitter_site":"@GerdMillmann","twitter_misc":{"Gesch\u00e4tzte Lesezeit":"2\u00a0Minuten"},"schema":{"@context":"https:\/\/schema.org","@graph":[{"@type":"WebPage","@id":"https:\/\/gerd-millmann.at\/?page_id=13","url":"https:\/\/gerd-millmann.at\/?page_id=13","name":"Buch: Auf der \u00dcberholspur - Mag. Gerd Millmann","isPartOf":{"@id":"https:\/\/gerd-millmann.at\/#website"},"primaryImageOfPage":{"@id":"https:\/\/gerd-millmann.at\/?page_id=13#primaryimage"},"image":{"@id":"https:\/\/gerd-millmann.at\/?page_id=13#primaryimage"},"thumbnailUrl":"https:\/\/gerd-millmann.at\/wp-content\/uploads\/2016\/07\/aufderueberholspur.jpg","datePublished":"2016-07-18T10:59:35+00:00","breadcrumb":{"@id":"https:\/\/gerd-millmann.at\/?page_id=13#breadcrumb"},"inLanguage":"de","potentialAction":[{"@type":"ReadAction","target":["https:\/\/gerd-millmann.at\/?page_id=13"]}]},{"@type":"ImageObject","inLanguage":"de","@id":"https:\/\/gerd-millmann.at\/?page_id=13#primaryimage","url":"https:\/\/gerd-millmann.at\/wp-content\/uploads\/2016\/07\/aufderueberholspur.jpg","contentUrl":"https:\/\/gerd-millmann.at\/wp-content\/uploads\/2016\/07\/aufderueberholspur.jpg","width":403,"height":648,"caption":"Auf der \u00dcberholspur"},{"@type":"BreadcrumbList","@id":"https:\/\/gerd-millmann.at\/?page_id=13#breadcrumb","itemListElement":[{"@type":"ListItem","position":1,"name":"Startseite","item":"https:\/\/gerd-millmann.at\/"},{"@type":"ListItem","position":2,"name":"Publikationen","item":"https:\/\/gerd-millmann.at\/?page_id=11"},{"@type":"ListItem","position":3,"name":"Buch: Auf der \u00dcberholspur"}]},{"@type":"WebSite","@id":"https:\/\/gerd-millmann.at\/#website","url":"https:\/\/gerd-millmann.at\/","name":"Mag. Gerd Millmann","description":"Autor, Journalist, PR Berater, Public Affairs, Sportler","publisher":{"@id":"https:\/\/gerd-millmann.at\/#organization"},"potentialAction":[{"@type":"SearchAction","target":{"@type":"EntryPoint","urlTemplate":"https:\/\/gerd-millmann.at\/?s={search_term_string}"},"query-input":{"@type":"PropertyValueSpecification","valueRequired":true,"valueName":"search_term_string"}}],"inLanguage":"de"},{"@type":"Organization","@id":"https:\/\/gerd-millmann.at\/#organization","name":"Mag. Gerd Millmann","url":"https:\/\/gerd-millmann.at\/","logo":{"@type":"ImageObject","inLanguage":"de","@id":"https:\/\/gerd-millmann.at\/#\/schema\/logo\/image\/","url":"https:\/\/gerd-millmann.at\/wp-content\/uploads\/2016\/07\/gerdmillmannblicknachlinks1.jpeg","contentUrl":"https:\/\/gerd-millmann.at\/wp-content\/uploads\/2016\/07\/gerdmillmannblicknachlinks1.jpeg","width":450,"height":450,"caption":"Mag. Gerd Millmann"},"image":{"@id":"https:\/\/gerd-millmann.at\/#\/schema\/logo\/image\/"},"sameAs":["https:\/\/www.facebook.com\/profile.php?id=1221733024","https:\/\/x.com\/GerdMillmann","https:\/\/at.linkedin.com\/in\/gerd-millmann","https:\/\/www.xing.com\/profile\/Gerd_Millmann2\/"]}]}},"_links":{"self":[{"href":"https:\/\/gerd-millmann.at\/index.php?rest_route=\/wp\/v2\/pages\/13","targetHints":{"allow":["GET"]}}],"collection":[{"href":"https:\/\/gerd-millmann.at\/index.php?rest_route=\/wp\/v2\/pages"}],"about":[{"href":"https:\/\/gerd-millmann.at\/index.php?rest_route=\/wp\/v2\/types\/page"}],"author":[{"embeddable":true,"href":"https:\/\/gerd-millmann.at\/index.php?rest_route=\/wp\/v2\/users\/2"}],"replies":[{"embeddable":true,"href":"https:\/\/gerd-millmann.at\/index.php?rest_route=%2Fwp%2Fv2%2Fcomments&post=13"}],"version-history":[{"count":0,"href":"https:\/\/gerd-millmann.at\/index.php?rest_route=\/wp\/v2\/pages\/13\/revisions"}],"up":[{"embeddable":true,"href":"https:\/\/gerd-millmann.at\/index.php?rest_route=\/wp\/v2\/pages\/11"}],"wp:attachment":[{"href":"https:\/\/gerd-millmann.at\/index.php?rest_route=%2Fwp%2Fv2%2Fmedia&parent=13"}],"curies":[{"name":"wp","href":"https:\/\/api.w.org\/{rel}","templated":true}]}}