{"id":18,"date":"2016-07-18T11:12:12","date_gmt":"2016-07-18T11:12:12","guid":{"rendered":"https:\/\/gerdmillmann.wordpress.com\/?page_id=18"},"modified":"2016-07-18T11:12:12","modified_gmt":"2016-07-18T11:12:12","slug":"buch-sportland-osterreich","status":"publish","type":"page","link":"https:\/\/gerd-millmann.at\/?page_id=18","title":{"rendered":"Buch: Sportland \u00d6sterreich?"},"content":{"rendered":"<p><strong>Wilhelm Lilge und Gerd Millmann:<\/strong><\/p>\n<div class=\"a-section a-spacing-none\">\n<h2 id=\"title\" class=\"a-size-large a-spacing-none\"><span id=\"ebooksProductTitle\" class=\"a-size-extra-large\">Sportland \u00d6sterreich? Athleten &#8211; Abzocker &#8211; Allianzen<\/span><\/h2>\n<p>Molden Verlag, 208 Seiten, 1. Auflage 2013, Wien.<br \/>\nGedruckte Version: 20 \u20ac, <b>ISBN-10:<\/b> 385485322X, <b>ISBN-13:<\/b> 978-3854853220<br \/>\nKindle E-Book: 10 \u20ac, <b>ASIN:<\/b> B018FWJT06<br \/>\n<a href=\"https:\/\/www.amazon.de\/dp\/385485322X\/ref=cm_sw_em_r_mt_dp_YKlJxbG0CH7MH\" target=\"_blank\" rel=\"noopener\">Weiter zur Bestellung bei amazon.de!<\/a><\/p>\n<\/div>\n<blockquote>\n<div id=\"attachment_758\" style=\"width: 270px\" class=\"wp-caption alignright\"><img fetchpriority=\"high\" decoding=\"async\" aria-describedby=\"caption-attachment-758\" class=\"alignnone  wp-image-758\" src=\"https:\/\/gerd-millmann.at\/wp-content\/uploads\/2016\/07\/sportlandoesterreich_cover_300dpi.jpg\" alt=\"Sportland \u00d6sterreich? Athleten, Abzocker, Allianzen\" width=\"260\" height=\"416\" srcset=\"https:\/\/gerd-millmann.at\/wp-content\/uploads\/2016\/07\/sportlandoesterreich_cover_300dpi.jpg 738w, https:\/\/gerd-millmann.at\/wp-content\/uploads\/2016\/07\/sportlandoesterreich_cover_300dpi-187x300.jpg 187w, https:\/\/gerd-millmann.at\/wp-content\/uploads\/2016\/07\/sportlandoesterreich_cover_300dpi-640x1024.jpg 640w, https:\/\/gerd-millmann.at\/wp-content\/uploads\/2016\/07\/sportlandoesterreich_cover_300dpi-600x960.jpg 600w\" sizes=\"(max-width: 260px) 100vw, 260px\" \/><p id=\"caption-attachment-758\" class=\"wp-caption-text\">Sportland \u00d6sterreich? Athleten, Abzocker, Allianzen<\/p><\/div>\n<p>Null Medaillen f\u00fcr \u00d6sterreich bei Olympia 2012 in London! Der wahre \u201eSkandal&#8220; liegt aber ganz woanders.<br \/>\n\u00d6sterreich hat eines der teuersten und kompliziertesten Sportf\u00f6rdersysteme der Welt, das von Politg\u00fcnstlingen gerne als Spielwiese missbraucht wird. Nirgendwo sonst ist der parteipolitische Einfluss auf die \u201esch\u00f6nste Nebensache der Welt&#8220; so gro\u00df. Gesponserten \u201eOlympiatouristen&#8220; aus Politik und Wirtschaft stehen machtgeile Funktion\u00e4re, steuerliche F\u00f6rderungen mit hoher \u201eVersicker-Neigung&#8220; und Dopingskandale der besonderen Art gegen\u00fcber. Nachhaltige Konsequenzen fehlen trotz zahlreicher Lippenbekenntnisse bis heute.<\/p>\n<p>Auf der anderen Seite ist Sport auch ein wichtiges Element \u00f6sterreichischer Identit\u00e4t: Erfolgreiche Spitzensportler werden zu Volkshelden und zum Wirtschaftsfaktor. Als aktive Gesundheits-Vorsorgema\u00dfnahme gewinnt der Breitensport konstant an Bedeutung. Sportler, Betreuer, Trainer und auch das Gros der Funktion\u00e4re engagieren sich hier gro\u00dfteils unentgeltlich &#8211; sind aber immer mehr frustriert.<\/p>\n<p>Das Fazit: Sport ist zu wertvoll, um von Politikern und korrupten Funktion\u00e4ren weiter vereinnahmt und zerst\u00f6rt zu werden. Wilhelm Lilge und Gerd Millmann decken in \u201eSportland \u00d6sterreich?&#8220; die problematischen Strukturen und Abh\u00e4ngigkeiten im Hintergrund auf und pr\u00e4sentieren konkrete Schritte f\u00fcr eine bessere sportliche Zukunft unseres Landes.<\/p><\/blockquote>\n<h2>\u00dcber die Autoren<\/h2>\n<ul>\n<li><strong>Mag. Wilhelm Lilge<\/strong>, geboren 1964, studierter Betriebswirt, staatlich gepr\u00fcfter Trainer und Diplomtrainer f\u00fcr Leichtathletik und Triathlon. 12 Jahre beim IMSB, seit 2008 selbst\u00e4ndiger Leichtathletiktrainer. Seit 2011 \u00d6LV-Nationaltrainer f\u00fcr den Laufbereich, eigener Leichtathletik- Verein (team2012.at). Vizepr\u00e4sident des Wiener Leichtathletikverbandes. Journalistische T\u00e4tigkeit u.a. f\u00fcr das Laufsport-Magazin ; Laufseminare und Vortr\u00e4ge, Leistungsdiagnostik f\u00fcr L\u00e4ufer. Anerkannter Anti-Doping-K\u00e4mpfer, Experte im parlamentarischen Sport-Unterausschuss.<\/li>\n<li><strong>Mag. Gerd Millmann<\/strong>, geboren 1962, studierte in Wien Politikwissenschaft, war viele Jahre als Redenschreiber im politischen und wirtschaftlichen Bereich t\u00e4tig und arbeitet seit zehn Jahren als investigativer Print-Journalist unter anderem f\u00fcr \u201eDie Zeit\u201c. Als begeisterter Hobbysportler sind Sport und Politik seine Arbeitsschwerpunkte vor allem der Blick hinter die Kulissen der heilen Sportwelt sowie die Verkn\u00fcpfung von Sport, Medien, Politik und Wirtschaft.<\/li>\n<\/ul>\n","protected":false},"excerpt":{"rendered":"<p>Wilhelm Lilge und Gerd Millmann: Sportland \u00d6sterreich? Athleten &#8211; Abzocker &#8211; Allianzen Molden Verlag, 208 Seiten, 1. Auflage 2013, Wien. Gedruckte Version: 20 \u20ac, ISBN-10: 385485322X, ISBN-13: 978-3854853220 Kindle E-Book: 10 \u20ac, ASIN: B018FWJT06 Weiter zur Bestellung bei amazon.de! Null&#8230; <a class=\"more-link\" href=\"https:\/\/gerd-millmann.at\/?page_id=18\">Weiterlesen &rarr;<\/a><\/p>\n","protected":false},"author":2,"featured_media":0,"parent":11,"menu_order":0,"comment_status":"closed","ping_status":"closed","template":"","meta":{"footnotes":""},"class_list":["post-18","page","type-page","status-publish","hentry"],"yoast_head":"<!-- This site is optimized with the Yoast SEO plugin v27.5 - https:\/\/yoast.com\/product\/yoast-seo-wordpress\/ -->\n<title>Buch: Sportland \u00d6sterreich? - Mag. Gerd Millmann<\/title>\n<meta name=\"robots\" content=\"index, follow, max-snippet:-1, max-image-preview:large, max-video-preview:-1\" \/>\n<link rel=\"canonical\" href=\"https:\/\/gerd-millmann.at\/?page_id=18\" \/>\n<meta property=\"og:locale\" content=\"de_DE\" \/>\n<meta property=\"og:type\" content=\"article\" \/>\n<meta property=\"og:title\" content=\"Buch: Sportland \u00d6sterreich? - Mag. Gerd Millmann\" \/>\n<meta property=\"og:description\" content=\"Wilhelm Lilge und Gerd Millmann: Sportland \u00d6sterreich? Athleten &#8211; Abzocker &#8211; Allianzen Molden Verlag, 208 Seiten, 1. Auflage 2013, Wien. Gedruckte Version: 20 \u20ac, ISBN-10: 385485322X, ISBN-13: 978-3854853220 Kindle E-Book: 10 \u20ac, ASIN: B018FWJT06 Weiter zur Bestellung bei amazon.de! Null... Weiterlesen &rarr;\" \/>\n<meta property=\"og:url\" content=\"https:\/\/gerd-millmann.at\/?page_id=18\" \/>\n<meta property=\"og:site_name\" content=\"Mag. Gerd Millmann\" \/>\n<meta property=\"article:publisher\" content=\"https:\/\/www.facebook.com\/profile.php?id=1221733024\" \/>\n<meta property=\"og:image\" content=\"https:\/\/gerd-millmann.at\/wp-content\/uploads\/2016\/07\/sportlandoesterreich_cover_300dpi.jpg\" \/>\n<meta name=\"twitter:card\" content=\"summary_large_image\" \/>\n<meta name=\"twitter:site\" content=\"@GerdMillmann\" \/>\n<meta name=\"twitter:label1\" content=\"Gesch\u00e4tzte Lesezeit\" \/>\n\t<meta name=\"twitter:data1\" content=\"2\u00a0Minuten\" \/>\n<script type=\"application\/ld+json\" class=\"yoast-schema-graph\">{\"@context\":\"https:\\\/\\\/schema.org\",\"@graph\":[{\"@type\":\"WebPage\",\"@id\":\"https:\\\/\\\/gerd-millmann.at\\\/?page_id=18\",\"url\":\"https:\\\/\\\/gerd-millmann.at\\\/?page_id=18\",\"name\":\"Buch: Sportland \u00d6sterreich? - Mag. Gerd Millmann\",\"isPartOf\":{\"@id\":\"https:\\\/\\\/gerd-millmann.at\\\/#website\"},\"primaryImageOfPage\":{\"@id\":\"https:\\\/\\\/gerd-millmann.at\\\/?page_id=18#primaryimage\"},\"image\":{\"@id\":\"https:\\\/\\\/gerd-millmann.at\\\/?page_id=18#primaryimage\"},\"thumbnailUrl\":\"https:\\\/\\\/gerd-millmann.at\\\/wp-content\\\/uploads\\\/2016\\\/07\\\/sportlandoesterreich_cover_300dpi.jpg\",\"datePublished\":\"2016-07-18T11:12:12+00:00\",\"breadcrumb\":{\"@id\":\"https:\\\/\\\/gerd-millmann.at\\\/?page_id=18#breadcrumb\"},\"inLanguage\":\"de\",\"potentialAction\":[{\"@type\":\"ReadAction\",\"target\":[\"https:\\\/\\\/gerd-millmann.at\\\/?page_id=18\"]}]},{\"@type\":\"ImageObject\",\"inLanguage\":\"de\",\"@id\":\"https:\\\/\\\/gerd-millmann.at\\\/?page_id=18#primaryimage\",\"url\":\"https:\\\/\\\/gerd-millmann.at\\\/wp-content\\\/uploads\\\/2016\\\/07\\\/sportlandoesterreich_cover_300dpi.jpg\",\"contentUrl\":\"https:\\\/\\\/gerd-millmann.at\\\/wp-content\\\/uploads\\\/2016\\\/07\\\/sportlandoesterreich_cover_300dpi.jpg\",\"width\":738,\"height\":1181,\"caption\":\"Sportland \u00d6sterreich? Athleten, Abzocker, Allianzen\"},{\"@type\":\"BreadcrumbList\",\"@id\":\"https:\\\/\\\/gerd-millmann.at\\\/?page_id=18#breadcrumb\",\"itemListElement\":[{\"@type\":\"ListItem\",\"position\":1,\"name\":\"Startseite\",\"item\":\"https:\\\/\\\/gerd-millmann.at\\\/\"},{\"@type\":\"ListItem\",\"position\":2,\"name\":\"Publikationen\",\"item\":\"https:\\\/\\\/gerd-millmann.at\\\/?page_id=11\"},{\"@type\":\"ListItem\",\"position\":3,\"name\":\"Buch: Sportland \u00d6sterreich?\"}]},{\"@type\":\"WebSite\",\"@id\":\"https:\\\/\\\/gerd-millmann.at\\\/#website\",\"url\":\"https:\\\/\\\/gerd-millmann.at\\\/\",\"name\":\"Mag. Gerd Millmann\",\"description\":\"Autor, Journalist, PR Berater, Public Affairs, Sportler\",\"publisher\":{\"@id\":\"https:\\\/\\\/gerd-millmann.at\\\/#organization\"},\"potentialAction\":[{\"@type\":\"SearchAction\",\"target\":{\"@type\":\"EntryPoint\",\"urlTemplate\":\"https:\\\/\\\/gerd-millmann.at\\\/?s={search_term_string}\"},\"query-input\":{\"@type\":\"PropertyValueSpecification\",\"valueRequired\":true,\"valueName\":\"search_term_string\"}}],\"inLanguage\":\"de\"},{\"@type\":\"Organization\",\"@id\":\"https:\\\/\\\/gerd-millmann.at\\\/#organization\",\"name\":\"Mag. Gerd Millmann\",\"url\":\"https:\\\/\\\/gerd-millmann.at\\\/\",\"logo\":{\"@type\":\"ImageObject\",\"inLanguage\":\"de\",\"@id\":\"https:\\\/\\\/gerd-millmann.at\\\/#\\\/schema\\\/logo\\\/image\\\/\",\"url\":\"https:\\\/\\\/gerd-millmann.at\\\/wp-content\\\/uploads\\\/2016\\\/07\\\/gerdmillmannblicknachlinks1.jpeg\",\"contentUrl\":\"https:\\\/\\\/gerd-millmann.at\\\/wp-content\\\/uploads\\\/2016\\\/07\\\/gerdmillmannblicknachlinks1.jpeg\",\"width\":450,\"height\":450,\"caption\":\"Mag. Gerd Millmann\"},\"image\":{\"@id\":\"https:\\\/\\\/gerd-millmann.at\\\/#\\\/schema\\\/logo\\\/image\\\/\"},\"sameAs\":[\"https:\\\/\\\/www.facebook.com\\\/profile.php?id=1221733024\",\"https:\\\/\\\/x.com\\\/GerdMillmann\",\"https:\\\/\\\/at.linkedin.com\\\/in\\\/gerd-millmann\",\"https:\\\/\\\/www.xing.com\\\/profile\\\/Gerd_Millmann2\\\/\"]}]}<\/script>\n<!-- \/ Yoast SEO plugin. -->","yoast_head_json":{"title":"Buch: Sportland \u00d6sterreich? - Mag. Gerd Millmann","robots":{"index":"index","follow":"follow","max-snippet":"max-snippet:-1","max-image-preview":"max-image-preview:large","max-video-preview":"max-video-preview:-1"},"canonical":"https:\/\/gerd-millmann.at\/?page_id=18","og_locale":"de_DE","og_type":"article","og_title":"Buch: Sportland \u00d6sterreich? - Mag. Gerd Millmann","og_description":"Wilhelm Lilge und Gerd Millmann: Sportland \u00d6sterreich? Athleten &#8211; Abzocker &#8211; Allianzen Molden Verlag, 208 Seiten, 1. Auflage 2013, Wien. Gedruckte Version: 20 \u20ac, ISBN-10: 385485322X, ISBN-13: 978-3854853220 Kindle E-Book: 10 \u20ac, ASIN: B018FWJT06 Weiter zur Bestellung bei amazon.de! Null... Weiterlesen &rarr;","og_url":"https:\/\/gerd-millmann.at\/?page_id=18","og_site_name":"Mag. Gerd Millmann","article_publisher":"https:\/\/www.facebook.com\/profile.php?id=1221733024","og_image":[{"url":"https:\/\/gerd-millmann.at\/wp-content\/uploads\/2016\/07\/sportlandoesterreich_cover_300dpi.jpg","type":"","width":"","height":""}],"twitter_card":"summary_large_image","twitter_site":"@GerdMillmann","twitter_misc":{"Gesch\u00e4tzte Lesezeit":"2\u00a0Minuten"},"schema":{"@context":"https:\/\/schema.org","@graph":[{"@type":"WebPage","@id":"https:\/\/gerd-millmann.at\/?page_id=18","url":"https:\/\/gerd-millmann.at\/?page_id=18","name":"Buch: Sportland \u00d6sterreich? - Mag. Gerd Millmann","isPartOf":{"@id":"https:\/\/gerd-millmann.at\/#website"},"primaryImageOfPage":{"@id":"https:\/\/gerd-millmann.at\/?page_id=18#primaryimage"},"image":{"@id":"https:\/\/gerd-millmann.at\/?page_id=18#primaryimage"},"thumbnailUrl":"https:\/\/gerd-millmann.at\/wp-content\/uploads\/2016\/07\/sportlandoesterreich_cover_300dpi.jpg","datePublished":"2016-07-18T11:12:12+00:00","breadcrumb":{"@id":"https:\/\/gerd-millmann.at\/?page_id=18#breadcrumb"},"inLanguage":"de","potentialAction":[{"@type":"ReadAction","target":["https:\/\/gerd-millmann.at\/?page_id=18"]}]},{"@type":"ImageObject","inLanguage":"de","@id":"https:\/\/gerd-millmann.at\/?page_id=18#primaryimage","url":"https:\/\/gerd-millmann.at\/wp-content\/uploads\/2016\/07\/sportlandoesterreich_cover_300dpi.jpg","contentUrl":"https:\/\/gerd-millmann.at\/wp-content\/uploads\/2016\/07\/sportlandoesterreich_cover_300dpi.jpg","width":738,"height":1181,"caption":"Sportland \u00d6sterreich? Athleten, Abzocker, Allianzen"},{"@type":"BreadcrumbList","@id":"https:\/\/gerd-millmann.at\/?page_id=18#breadcrumb","itemListElement":[{"@type":"ListItem","position":1,"name":"Startseite","item":"https:\/\/gerd-millmann.at\/"},{"@type":"ListItem","position":2,"name":"Publikationen","item":"https:\/\/gerd-millmann.at\/?page_id=11"},{"@type":"ListItem","position":3,"name":"Buch: Sportland \u00d6sterreich?"}]},{"@type":"WebSite","@id":"https:\/\/gerd-millmann.at\/#website","url":"https:\/\/gerd-millmann.at\/","name":"Mag. Gerd Millmann","description":"Autor, Journalist, PR Berater, Public Affairs, Sportler","publisher":{"@id":"https:\/\/gerd-millmann.at\/#organization"},"potentialAction":[{"@type":"SearchAction","target":{"@type":"EntryPoint","urlTemplate":"https:\/\/gerd-millmann.at\/?s={search_term_string}"},"query-input":{"@type":"PropertyValueSpecification","valueRequired":true,"valueName":"search_term_string"}}],"inLanguage":"de"},{"@type":"Organization","@id":"https:\/\/gerd-millmann.at\/#organization","name":"Mag. Gerd Millmann","url":"https:\/\/gerd-millmann.at\/","logo":{"@type":"ImageObject","inLanguage":"de","@id":"https:\/\/gerd-millmann.at\/#\/schema\/logo\/image\/","url":"https:\/\/gerd-millmann.at\/wp-content\/uploads\/2016\/07\/gerdmillmannblicknachlinks1.jpeg","contentUrl":"https:\/\/gerd-millmann.at\/wp-content\/uploads\/2016\/07\/gerdmillmannblicknachlinks1.jpeg","width":450,"height":450,"caption":"Mag. Gerd Millmann"},"image":{"@id":"https:\/\/gerd-millmann.at\/#\/schema\/logo\/image\/"},"sameAs":["https:\/\/www.facebook.com\/profile.php?id=1221733024","https:\/\/x.com\/GerdMillmann","https:\/\/at.linkedin.com\/in\/gerd-millmann","https:\/\/www.xing.com\/profile\/Gerd_Millmann2\/"]}]}},"_links":{"self":[{"href":"https:\/\/gerd-millmann.at\/index.php?rest_route=\/wp\/v2\/pages\/18","targetHints":{"allow":["GET"]}}],"collection":[{"href":"https:\/\/gerd-millmann.at\/index.php?rest_route=\/wp\/v2\/pages"}],"about":[{"href":"https:\/\/gerd-millmann.at\/index.php?rest_route=\/wp\/v2\/types\/page"}],"author":[{"embeddable":true,"href":"https:\/\/gerd-millmann.at\/index.php?rest_route=\/wp\/v2\/users\/2"}],"replies":[{"embeddable":true,"href":"https:\/\/gerd-millmann.at\/index.php?rest_route=%2Fwp%2Fv2%2Fcomments&post=18"}],"version-history":[{"count":0,"href":"https:\/\/gerd-millmann.at\/index.php?rest_route=\/wp\/v2\/pages\/18\/revisions"}],"up":[{"embeddable":true,"href":"https:\/\/gerd-millmann.at\/index.php?rest_route=\/wp\/v2\/pages\/11"}],"wp:attachment":[{"href":"https:\/\/gerd-millmann.at\/index.php?rest_route=%2Fwp%2Fv2%2Fmedia&parent=18"}],"curies":[{"name":"wp","href":"https:\/\/api.w.org\/{rel}","templated":true}]}}