{"id":499,"date":"2016-07-22T09:22:49","date_gmt":"2016-07-22T07:22:49","guid":{"rendered":"https:\/\/gerdmillmann.wordpress.com\/?page_id=499"},"modified":"2016-07-22T09:22:49","modified_gmt":"2016-07-22T07:22:49","slug":"agb","status":"publish","type":"page","link":"https:\/\/gerd-millmann.at\/?page_id=499","title":{"rendered":"Allgemeine Gesch\u00e4ftsbedingungen von Mag. Gerd Millmann"},"content":{"rendered":"<ul>\n<li>Ich orientiere mich nach dem Ehrenkodex des \u00d6sterreichischen Presserates: <a href=\"http:\/\/www.presserat.at\/show_content.php?hid=2\" target=\"_blank\" rel=\"noopener\">http:\/\/www.presserat.at\/show_content.php?hid=2<\/a><\/li>\n<li>Ich bekenne mich auch zum PRVA-Ehrenkodex und den Grunds\u00e4tzen des Code d&#8217;Ethique International, angenommen von der <span lang=\"FR\">Conf\u00e9deration Europ\u00e9enne Relations Publiques (CERP) anl\u00e4sslich der Generalversammlung in Athen am 11. Mai 1965 (Athener Kodex) siehe <a href=\"http:\/\/prva.at\/ueber-uns\/ethik\" target=\"_blank\" rel=\"noopener\">http:\/\/prva.at\/ueber-uns\/ethik<\/a>.<\/span><\/li>\n<li>Angebote sind freibleibend.<\/li>\n<li>Werkauftr\u00e4ge werden entweder stundenweise oder pauschal verrechnet. Die Art der Abrechnung, die Zeitpunkte und Bedingungen der Rechnungslegung und die H\u00f6he des Honorars werden zu Beginn der Arbeit kurz schriftlich (in einer E-Mail) festgehalten.<\/li>\n<li>Bei Buchprojekten werde ich entweder pauschal bezahlt oder erhalte einen von Anfang an definierten Anteil am Autorenhonorar. Ausserdem erhalte ich aliquot Belegexemplare, die den Autoren zustehen.<\/li>\n<li>Angebotene Preise sind netto und in Euro (\u20ac). Seit Anfang 2016 bin ich \u201eunecht von der Mehrwertsteuer befreit\u201c und verrechne damit derzeit auch keine Umsatzsteuer.<\/li>\n<li>Rechnungen sind ohne Abzug innerhalb von 14 Tagen zu bezahlen.<\/li>\n<li>Auftraggeber haften daf\u00fcr, dass Sie f\u00fcr alle an mich \u00fcbergebenen Texte, Fotos, Videos, Tonaufnahmen, Grafiken, Illustrationen, Musik und sonstigen Medien die Rechte zur Ver\u00f6ffentlichung besitzen und nennen mir auch die Texter, Autoren, Kamerleute, Fotografen, Grafiker, Musiker bzw. Urheber, die zugeliefert haben bzw. deren Material verwendet wird. F\u00fcr Copyrightverletzungen haftet der Auftraggeber bzw. der \u00dcbergeber dieser Materialien.<\/li>\n<li>M\u00f6glichst bereits bei der Auftragserteilung wird schriftlich vereinbart, ob ich als Autor bzw. Co-Autor genannt werde oder als Ghostwriter meine Mitarbeit verschwiegen wird.<\/li>\n<li>Buchbeitr\u00e4ge, Artikel oder Fotos, die ich als freier Journalist oder Autor selbst verfa\u00dft und an Medien liefere, k\u00f6nnen von mir auch komplett oder auszugsweise auf meinem pers\u00f6nlichen Blog https:\/\/gerdmillmann.wordpress.com bzw. meiner Homepage http:\/\/www.gerd-millmann.at sowie auf meinen Portraitseiten in den Sozialen Medien (twitter, LinkedIn, XING, Google+, etc.) ver\u00f6ffentlicht werden. In diesen Artikeln wird auch immer das Medium, in dem der Artikel zuerst ver\u00f6ffentlicht wurde, ein Link zum Medium und das Erstver\u00f6ffntlichungsdatum angef\u00fchrt.<\/li>\n<li>Gerichtsstand ist Wien.<\/li>\n<li>Stand dieser AGB&#8217;s: Juli 2016.<\/li>\n<\/ul>\n","protected":false},"excerpt":{"rendered":"<p>Ich orientiere mich nach dem Ehrenkodex des \u00d6sterreichischen Presserates: http:\/\/www.presserat.at\/show_content.php?hid=2 Ich bekenne mich auch zum PRVA-Ehrenkodex und den Grunds\u00e4tzen des Code d&#8217;Ethique International, angenommen von der Conf\u00e9deration Europ\u00e9enne Relations Publiques (CERP) anl\u00e4sslich der Generalversammlung in Athen am 11. Mai 1965&#8230; <a class=\"more-link\" href=\"https:\/\/gerd-millmann.at\/?page_id=499\">Weiterlesen &rarr;<\/a><\/p>\n","protected":false},"author":2,"featured_media":0,"parent":0,"menu_order":0,"comment_status":"closed","ping_status":"closed","template":"","meta":{"footnotes":""},"class_list":["post-499","page","type-page","status-publish","hentry"],"yoast_head":"<!-- This site is optimized with the Yoast SEO plugin v27.5 - https:\/\/yoast.com\/product\/yoast-seo-wordpress\/ -->\n<title>Allgemeine Gesch\u00e4ftsbedingungen von Mag. Gerd Millmann - Mag. Gerd Millmann<\/title>\n<meta name=\"robots\" content=\"index, follow, max-snippet:-1, max-image-preview:large, max-video-preview:-1\" \/>\n<link rel=\"canonical\" href=\"https:\/\/gerd-millmann.at\/?page_id=499\" \/>\n<meta property=\"og:locale\" content=\"de_DE\" \/>\n<meta property=\"og:type\" content=\"article\" \/>\n<meta property=\"og:title\" content=\"Allgemeine Gesch\u00e4ftsbedingungen von Mag. Gerd Millmann - Mag. Gerd Millmann\" \/>\n<meta property=\"og:description\" content=\"Ich orientiere mich nach dem Ehrenkodex des \u00d6sterreichischen Presserates: http:\/\/www.presserat.at\/show_content.php?hid=2 Ich bekenne mich auch zum PRVA-Ehrenkodex und den Grunds\u00e4tzen des Code d&#8217;Ethique International, angenommen von der Conf\u00e9deration Europ\u00e9enne Relations Publiques (CERP) anl\u00e4sslich der Generalversammlung in Athen am 11. Mai 1965... Weiterlesen &rarr;\" \/>\n<meta property=\"og:url\" content=\"https:\/\/gerd-millmann.at\/?page_id=499\" \/>\n<meta property=\"og:site_name\" content=\"Mag. Gerd Millmann\" \/>\n<meta property=\"article:publisher\" content=\"https:\/\/www.facebook.com\/profile.php?id=1221733024\" \/>\n<meta name=\"twitter:card\" content=\"summary_large_image\" \/>\n<meta name=\"twitter:site\" content=\"@GerdMillmann\" \/>\n<meta name=\"twitter:label1\" content=\"Gesch\u00e4tzte Lesezeit\" \/>\n\t<meta name=\"twitter:data1\" content=\"2\u00a0Minuten\" \/>\n<script type=\"application\/ld+json\" class=\"yoast-schema-graph\">{\"@context\":\"https:\\\/\\\/schema.org\",\"@graph\":[{\"@type\":\"WebPage\",\"@id\":\"https:\\\/\\\/gerd-millmann.at\\\/?page_id=499\",\"url\":\"https:\\\/\\\/gerd-millmann.at\\\/?page_id=499\",\"name\":\"Allgemeine Gesch\u00e4ftsbedingungen von Mag. Gerd Millmann - Mag. Gerd Millmann\",\"isPartOf\":{\"@id\":\"https:\\\/\\\/gerd-millmann.at\\\/#website\"},\"datePublished\":\"2016-07-22T07:22:49+00:00\",\"breadcrumb\":{\"@id\":\"https:\\\/\\\/gerd-millmann.at\\\/?page_id=499#breadcrumb\"},\"inLanguage\":\"de\",\"potentialAction\":[{\"@type\":\"ReadAction\",\"target\":[\"https:\\\/\\\/gerd-millmann.at\\\/?page_id=499\"]}]},{\"@type\":\"BreadcrumbList\",\"@id\":\"https:\\\/\\\/gerd-millmann.at\\\/?page_id=499#breadcrumb\",\"itemListElement\":[{\"@type\":\"ListItem\",\"position\":1,\"name\":\"Startseite\",\"item\":\"https:\\\/\\\/gerd-millmann.at\\\/\"},{\"@type\":\"ListItem\",\"position\":2,\"name\":\"Allgemeine Gesch\u00e4ftsbedingungen von Mag. Gerd Millmann\"}]},{\"@type\":\"WebSite\",\"@id\":\"https:\\\/\\\/gerd-millmann.at\\\/#website\",\"url\":\"https:\\\/\\\/gerd-millmann.at\\\/\",\"name\":\"Mag. Gerd Millmann\",\"description\":\"Autor, Journalist, PR Berater, Public Affairs, Sportler\",\"publisher\":{\"@id\":\"https:\\\/\\\/gerd-millmann.at\\\/#organization\"},\"potentialAction\":[{\"@type\":\"SearchAction\",\"target\":{\"@type\":\"EntryPoint\",\"urlTemplate\":\"https:\\\/\\\/gerd-millmann.at\\\/?s={search_term_string}\"},\"query-input\":{\"@type\":\"PropertyValueSpecification\",\"valueRequired\":true,\"valueName\":\"search_term_string\"}}],\"inLanguage\":\"de\"},{\"@type\":\"Organization\",\"@id\":\"https:\\\/\\\/gerd-millmann.at\\\/#organization\",\"name\":\"Mag. Gerd Millmann\",\"url\":\"https:\\\/\\\/gerd-millmann.at\\\/\",\"logo\":{\"@type\":\"ImageObject\",\"inLanguage\":\"de\",\"@id\":\"https:\\\/\\\/gerd-millmann.at\\\/#\\\/schema\\\/logo\\\/image\\\/\",\"url\":\"https:\\\/\\\/gerd-millmann.at\\\/wp-content\\\/uploads\\\/2016\\\/07\\\/gerdmillmannblicknachlinks1.jpeg\",\"contentUrl\":\"https:\\\/\\\/gerd-millmann.at\\\/wp-content\\\/uploads\\\/2016\\\/07\\\/gerdmillmannblicknachlinks1.jpeg\",\"width\":450,\"height\":450,\"caption\":\"Mag. Gerd Millmann\"},\"image\":{\"@id\":\"https:\\\/\\\/gerd-millmann.at\\\/#\\\/schema\\\/logo\\\/image\\\/\"},\"sameAs\":[\"https:\\\/\\\/www.facebook.com\\\/profile.php?id=1221733024\",\"https:\\\/\\\/x.com\\\/GerdMillmann\",\"https:\\\/\\\/at.linkedin.com\\\/in\\\/gerd-millmann\",\"https:\\\/\\\/www.xing.com\\\/profile\\\/Gerd_Millmann2\\\/\"]}]}<\/script>\n<!-- \/ Yoast SEO plugin. -->","yoast_head_json":{"title":"Allgemeine Gesch\u00e4ftsbedingungen von Mag. Gerd Millmann - Mag. Gerd Millmann","robots":{"index":"index","follow":"follow","max-snippet":"max-snippet:-1","max-image-preview":"max-image-preview:large","max-video-preview":"max-video-preview:-1"},"canonical":"https:\/\/gerd-millmann.at\/?page_id=499","og_locale":"de_DE","og_type":"article","og_title":"Allgemeine Gesch\u00e4ftsbedingungen von Mag. Gerd Millmann - Mag. Gerd Millmann","og_description":"Ich orientiere mich nach dem Ehrenkodex des \u00d6sterreichischen Presserates: http:\/\/www.presserat.at\/show_content.php?hid=2 Ich bekenne mich auch zum PRVA-Ehrenkodex und den Grunds\u00e4tzen des Code d&#8217;Ethique International, angenommen von der Conf\u00e9deration Europ\u00e9enne Relations Publiques (CERP) anl\u00e4sslich der Generalversammlung in Athen am 11. Mai 1965... Weiterlesen &rarr;","og_url":"https:\/\/gerd-millmann.at\/?page_id=499","og_site_name":"Mag. Gerd Millmann","article_publisher":"https:\/\/www.facebook.com\/profile.php?id=1221733024","twitter_card":"summary_large_image","twitter_site":"@GerdMillmann","twitter_misc":{"Gesch\u00e4tzte Lesezeit":"2\u00a0Minuten"},"schema":{"@context":"https:\/\/schema.org","@graph":[{"@type":"WebPage","@id":"https:\/\/gerd-millmann.at\/?page_id=499","url":"https:\/\/gerd-millmann.at\/?page_id=499","name":"Allgemeine Gesch\u00e4ftsbedingungen von Mag. Gerd Millmann - Mag. Gerd Millmann","isPartOf":{"@id":"https:\/\/gerd-millmann.at\/#website"},"datePublished":"2016-07-22T07:22:49+00:00","breadcrumb":{"@id":"https:\/\/gerd-millmann.at\/?page_id=499#breadcrumb"},"inLanguage":"de","potentialAction":[{"@type":"ReadAction","target":["https:\/\/gerd-millmann.at\/?page_id=499"]}]},{"@type":"BreadcrumbList","@id":"https:\/\/gerd-millmann.at\/?page_id=499#breadcrumb","itemListElement":[{"@type":"ListItem","position":1,"name":"Startseite","item":"https:\/\/gerd-millmann.at\/"},{"@type":"ListItem","position":2,"name":"Allgemeine Gesch\u00e4ftsbedingungen von Mag. Gerd Millmann"}]},{"@type":"WebSite","@id":"https:\/\/gerd-millmann.at\/#website","url":"https:\/\/gerd-millmann.at\/","name":"Mag. Gerd Millmann","description":"Autor, Journalist, PR Berater, Public Affairs, Sportler","publisher":{"@id":"https:\/\/gerd-millmann.at\/#organization"},"potentialAction":[{"@type":"SearchAction","target":{"@type":"EntryPoint","urlTemplate":"https:\/\/gerd-millmann.at\/?s={search_term_string}"},"query-input":{"@type":"PropertyValueSpecification","valueRequired":true,"valueName":"search_term_string"}}],"inLanguage":"de"},{"@type":"Organization","@id":"https:\/\/gerd-millmann.at\/#organization","name":"Mag. Gerd Millmann","url":"https:\/\/gerd-millmann.at\/","logo":{"@type":"ImageObject","inLanguage":"de","@id":"https:\/\/gerd-millmann.at\/#\/schema\/logo\/image\/","url":"https:\/\/gerd-millmann.at\/wp-content\/uploads\/2016\/07\/gerdmillmannblicknachlinks1.jpeg","contentUrl":"https:\/\/gerd-millmann.at\/wp-content\/uploads\/2016\/07\/gerdmillmannblicknachlinks1.jpeg","width":450,"height":450,"caption":"Mag. Gerd Millmann"},"image":{"@id":"https:\/\/gerd-millmann.at\/#\/schema\/logo\/image\/"},"sameAs":["https:\/\/www.facebook.com\/profile.php?id=1221733024","https:\/\/x.com\/GerdMillmann","https:\/\/at.linkedin.com\/in\/gerd-millmann","https:\/\/www.xing.com\/profile\/Gerd_Millmann2\/"]}]}},"_links":{"self":[{"href":"https:\/\/gerd-millmann.at\/index.php?rest_route=\/wp\/v2\/pages\/499","targetHints":{"allow":["GET"]}}],"collection":[{"href":"https:\/\/gerd-millmann.at\/index.php?rest_route=\/wp\/v2\/pages"}],"about":[{"href":"https:\/\/gerd-millmann.at\/index.php?rest_route=\/wp\/v2\/types\/page"}],"author":[{"embeddable":true,"href":"https:\/\/gerd-millmann.at\/index.php?rest_route=\/wp\/v2\/users\/2"}],"replies":[{"embeddable":true,"href":"https:\/\/gerd-millmann.at\/index.php?rest_route=%2Fwp%2Fv2%2Fcomments&post=499"}],"version-history":[{"count":0,"href":"https:\/\/gerd-millmann.at\/index.php?rest_route=\/wp\/v2\/pages\/499\/revisions"}],"wp:attachment":[{"href":"https:\/\/gerd-millmann.at\/index.php?rest_route=%2Fwp%2Fv2%2Fmedia&parent=499"}],"curies":[{"name":"wp","href":"https:\/\/api.w.org\/{rel}","templated":true}]}}