{"id":528,"date":"2016-07-22T12:10:29","date_gmt":"2016-07-22T10:10:29","guid":{"rendered":"https:\/\/gerdmillmann.wordpress.com\/?page_id=528"},"modified":"2016-07-22T12:10:29","modified_gmt":"2016-07-22T10:10:29","slug":"referenzen","status":"publish","type":"page","link":"https:\/\/gerd-millmann.at\/?page_id=528","title":{"rendered":"Referenzen"},"content":{"rendered":"<p>Die folgende Liste beinhaltet Unternehmen und Organisationen, f\u00fcr die ich in meinem Berufsleben direkt oder indirekt gearbeitet habe. Meine T\u00e4tigkeit ist dabei zumeist dem Journalismus, der PR und der Politikberatung zuzuschreiben; in vielen F\u00e4llen trete und trat ich auch als Ghostwriter auf. Diese Liste ist nicht vollst\u00e4ndig sondern nur aus Auszug zu verstehen. Meine <a href=\"https:\/\/gerdmillmann.wordpress.com\/publikationen\/\">Buchpublikationen<\/a> finden sie gesondert.<\/p>\n<h2>als freier Journalist f\u00fcr Medien in \u00d6sterreich und Deutschland<\/h2>\n<ul>\n<li>DATUM, Wien, <a href=\"http:\/\/www.datum.at\/\">www.datum.at<\/a><\/li>\n<li>derStandard, Wien, <a href=\"http:\/\/derstandard.at\" target=\"_blank\" rel=\"noopener\">derstandard.at<\/a><\/li>\n<li>DIE ZEIT, Hamburg, <a href=\"http:\/\/www.zeit.de\" target=\"_blank\" rel=\"noopener\">www.zeit.de <\/a><\/li>\n<li>Die Zukunft, Wien, <a href=\"http:\/\/www.diezukunft.at\/\" target=\"_blank\" rel=\"noopener\">www.diezukunft.at<\/a><\/li>\n<li>echo medienhaus g.m.b.h., Wien, <a href=\"http:\/\/www.echo.at\/\" target=\"_blank\" rel=\"noopener\">www.echo.at<\/a>\n<ul>\n<li><a class=\"nu\" title=\"vormagazin ges.m.b.h.\" href=\"http:\/\/www.echo.at\/vormagazin\">vormagazin ges.m.b.h. <\/a><\/li>\n<li><a class=\"nu\" title=\"wienlive Zeitschriften GmbH\" href=\"http:\/\/www.echo.at\/echomedia_verlag\">wienlive Zeitschriften GmbH<\/a><\/li>\n<li><a class=\"nu\" title=\"WIENER BEZIRKSBLATT GmbH\" href=\"http:\/\/www.echo.at\/wbb\">WIENER BEZIRKSBLATT GmbH\u00a0<\/a><\/li>\n<\/ul>\n<\/li>\n<li>falter, Wien, <a href=\"http:\/\/www.falter.at\/\">www.falter.at<\/a><\/li>\n<li>ORF (TV und Radio), Wien, <a href=\"http:\/\/www.orf.at\" target=\"_blank\" rel=\"noopener\">www.orf.at<\/a><\/li>\n<li>profil, Wien, <a href=\"http:\/\/www.profil.at\/\" target=\"_blank\" rel=\"noopener\">www.profil.at<\/a><\/li>\n<li>Running &amp; Fitness Magazin, Wien, <a href=\"http:\/\/www.awg-verlag.at\/magazin\/running-fitness\/\" target=\"_blank\" rel=\"noopener\">www.awg-verlag.at\/magazin\/running-fitness\/ <\/a><\/li>\n<li>dieSubstanz.at, das Projekt von Mag. Johannes Huber, Wien, <a href=\"http:\/\/dieSubstanz.at\" target=\"_blank\" rel=\"noopener\">dieSubstanz.at<\/a><\/li>\n<li>Tiroler Tageszeitung, Innsbruck, <a href=\"http:\/\/www.tt.com\" target=\"_blank\" rel=\"noopener\">www.tt.com<\/a><\/li>\n<li>Wiener Zeitung, Wien, <a href=\"http:\/\/www.wienerzeitung.at\" target=\"_blank\" rel=\"noopener\">www.wienerzeitung.at <\/a><\/li>\n<li>Vorarlberger Nachrichten, <a href=\"http:\/\/www.vorarlbergernachrichten.at\" target=\"_blank\" rel=\"noopener\">http:\/\/www.vorarlbergernachrichten.at <\/a><\/li>\n<\/ul>\n<h2>\u00d6ffentliche Einrichtungen, Verb\u00e4nde, Parteien<\/h2>\n<ul>\n<li>Bundesministerium f\u00fcr Arbeit, Soziales und Konsumentenschutz, Wien,<br \/>\n<a href=\"http:\/\/www.sozialministerium.at\" target=\"_blank\" rel=\"noopener\">http:\/\/www.sozialministerium.at<\/a><\/li>\n<li>Bundesministerium f\u00fcr Frauen und Gesundheit, Wien, <a href=\"http:\/\/www.bmgf.gv.at\/\" target=\"_blank\" rel=\"noopener\">http:\/\/www.bmgf.gv.at\/ <\/a><\/li>\n<li>Bundesministerium f\u00fcr Verkehr, Innovation und Technologie, <a href=\"https:\/\/www.bmvit.gv.at\/\" target=\"_blank\" rel=\"noopener\">https:\/\/www.bmvit.gv.at\/<\/a><\/li>\n<li>Bundespressedienst, Sektion VII im Bundeskanzleramt, Wien<br \/>\n<a href=\"https:\/\/www.bka.gv.at\/site\/5590\/default.aspx\" target=\"_blank\" rel=\"noopener\">https:\/\/www.bka.gv.at\/site\/5590\/default.aspx<\/a><\/li>\n<li>Die Gr\u00fcnen, Wien, <a href=\"https:\/\/www.gruene.at\/\" target=\"_blank\" rel=\"noopener\">https:\/\/www.gruene.at\/<\/a><\/li>\n<li>Die Parlamentsdirektion \u2013 \u00d6sterreichisches Parlament, Wien; <a href=\"https:\/\/www.parlament.gv.at\/WWER\/PDION\/\" target=\"_blank\" rel=\"noopener\">https:\/\/www.parlament.gv.at\/WWER\/PDION\/<\/a><\/li>\n<li>Fachverband der Chemischen Industrie \u00d6sterreichs, <a href=\"http:\/\/www.fcio.at\" target=\"_blank\" rel=\"noopener\">http:\/\/www.fcio.at<\/a><\/li>\n<li>PID, Press- und Informationsdienst der Stadt Wien,<br \/>\n<a href=\"https:\/\/www.wien.gv.at\/medien\/\" target=\"_blank\" rel=\"noopener\">https:\/\/www.wien.gv.at\/medien\/<\/a> bzw.<br \/>\n<a href=\"https:\/\/www.wien.gv.at\/kontakte\/ma53\/index.html\" target=\"_blank\" rel=\"noopener\">https:\/\/www.wien.gv.at\/kontakte\/ma53\/index.html<\/a><\/li>\n<li>SP\u00d6 Nieder\u00f6sterreich, <a href=\"http:\/\/www.noe.spoe.at\/\" target=\"_blank\" rel=\"noopener\">http:\/\/www.noe.spoe.at\/<\/a><\/li>\n<li>SP\u00d6 Pressedienst \/ Sozialistische Korrespondenz (SK), Wien,<br \/>\n<a href=\"https:\/\/spoe.at\/presse\" target=\"_blank\" rel=\"noopener\">https:\/\/spoe.at\/presse<\/a><\/li>\n<li>Wiener Wohnen, <a href=\"https:\/\/www.wienerwohnen.at\/\" target=\"_blank\" rel=\"noopener\">https:\/\/www.wienerwohnen.at\/ <\/a><\/li>\n<li>Wirtschaftsagentur Wien (fr\u00fcher WWFF Wiener Wirtschaftsf\u00f6rderungsfonds), <a href=\"https:\/\/wirtschaftsagentur.at\/\" target=\"_blank\" rel=\"noopener\">https:\/\/wirtschaftsagentur.at\/<\/a><\/li>\n<\/ul>\n<h2>Agenturen (Auszug)<\/h2>\n<ul>\n<li>bettertogether gmbh, Wien, <a href=\"http:\/\/www.bettertogether.at\" target=\"_blank\" rel=\"noopener\">http:\/\/www.bettertogether.at<\/a><\/li>\n<li>communication matters Kollmann &amp; Partner Public Relations GmbH, Wien, <a href=\"http:\/\/www.communicationmatters.at\/\" target=\"_blank\" rel=\"noopener\">http:\/\/www.communicationmatters.at\/<\/a><\/li>\n<li>UNIQUE Relations, Wien, <a href=\"https:\/\/www.unique-relations.at\/\" target=\"_blank\" rel=\"noopener\">https:\/\/www.unique-relations.at\/<\/a><\/li>\n<\/ul>\n<h2>Lehrt\u00e4tigkeit<\/h2>\n<ul>\n<li>Institut f\u00fcr Politikwissenschaft an der Universit\u00e4t Wien,<br \/>\n<a href=\"http:\/\/politikwissenschaft.univie.ac.at\">http:\/\/politikwissenschaft.univie.ac.at<\/a>:<br \/>\nIm SS 2006 und WS 2007\/08 leitete ich die Lehrveranstaltung<br \/>\n\u201eWien als politischer Akteur zwischen regionaler und EU-Ebene\u201c.<\/li>\n<\/ul>\n<h2>Mitgliedschaft<\/h2>\n<ul>\n<li>Vereinigung der Parlamentsredakteurinnen und -redakteure, Wien: <a href=\"http:\/\/www.parlamentsredakteure.at\" target=\"_blank\" rel=\"noopener\">http:\/\/www.parlamentsredakteure.at<\/a><\/li>\n<\/ul>\n<p>&nbsp;<\/p>\n","protected":false},"excerpt":{"rendered":"<p>Die folgende Liste beinhaltet Unternehmen und Organisationen, f\u00fcr die ich in meinem Berufsleben direkt oder indirekt gearbeitet habe. Meine T\u00e4tigkeit ist dabei zumeist dem Journalismus, der PR und der Politikberatung zuzuschreiben; in vielen F\u00e4llen trete und trat ich auch als&#8230; <a class=\"more-link\" href=\"https:\/\/gerd-millmann.at\/?page_id=528\">Weiterlesen &rarr;<\/a><\/p>\n","protected":false},"author":2,"featured_media":0,"parent":0,"menu_order":0,"comment_status":"closed","ping_status":"closed","template":"","meta":{"footnotes":""},"class_list":["post-528","page","type-page","status-publish","hentry"],"yoast_head":"<!-- This site is optimized with the Yoast SEO plugin v27.5 - https:\/\/yoast.com\/product\/yoast-seo-wordpress\/ -->\n<title>Referenzen - Mag. Gerd Millmann<\/title>\n<meta name=\"robots\" content=\"index, follow, max-snippet:-1, max-image-preview:large, max-video-preview:-1\" \/>\n<link rel=\"canonical\" href=\"https:\/\/gerd-millmann.at\/?page_id=528\" \/>\n<meta property=\"og:locale\" content=\"de_DE\" \/>\n<meta property=\"og:type\" content=\"article\" \/>\n<meta property=\"og:title\" content=\"Referenzen - Mag. Gerd Millmann\" \/>\n<meta property=\"og:description\" content=\"Die folgende Liste beinhaltet Unternehmen und Organisationen, f\u00fcr die ich in meinem Berufsleben direkt oder indirekt gearbeitet habe. Meine T\u00e4tigkeit ist dabei zumeist dem Journalismus, der PR und der Politikberatung zuzuschreiben; in vielen F\u00e4llen trete und trat ich auch als... Weiterlesen &rarr;\" \/>\n<meta property=\"og:url\" content=\"https:\/\/gerd-millmann.at\/?page_id=528\" \/>\n<meta property=\"og:site_name\" content=\"Mag. Gerd Millmann\" \/>\n<meta property=\"article:publisher\" content=\"https:\/\/www.facebook.com\/profile.php?id=1221733024\" \/>\n<meta name=\"twitter:card\" content=\"summary_large_image\" \/>\n<meta name=\"twitter:site\" content=\"@GerdMillmann\" \/>\n<meta name=\"twitter:label1\" content=\"Gesch\u00e4tzte Lesezeit\" \/>\n\t<meta name=\"twitter:data1\" content=\"2\u00a0Minuten\" \/>\n<script type=\"application\/ld+json\" class=\"yoast-schema-graph\">{\"@context\":\"https:\\\/\\\/schema.org\",\"@graph\":[{\"@type\":\"WebPage\",\"@id\":\"https:\\\/\\\/gerd-millmann.at\\\/?page_id=528\",\"url\":\"https:\\\/\\\/gerd-millmann.at\\\/?page_id=528\",\"name\":\"Referenzen - Mag. Gerd Millmann\",\"isPartOf\":{\"@id\":\"https:\\\/\\\/gerd-millmann.at\\\/#website\"},\"datePublished\":\"2016-07-22T10:10:29+00:00\",\"breadcrumb\":{\"@id\":\"https:\\\/\\\/gerd-millmann.at\\\/?page_id=528#breadcrumb\"},\"inLanguage\":\"de\",\"potentialAction\":[{\"@type\":\"ReadAction\",\"target\":[\"https:\\\/\\\/gerd-millmann.at\\\/?page_id=528\"]}]},{\"@type\":\"BreadcrumbList\",\"@id\":\"https:\\\/\\\/gerd-millmann.at\\\/?page_id=528#breadcrumb\",\"itemListElement\":[{\"@type\":\"ListItem\",\"position\":1,\"name\":\"Startseite\",\"item\":\"https:\\\/\\\/gerd-millmann.at\\\/\"},{\"@type\":\"ListItem\",\"position\":2,\"name\":\"Referenzen\"}]},{\"@type\":\"WebSite\",\"@id\":\"https:\\\/\\\/gerd-millmann.at\\\/#website\",\"url\":\"https:\\\/\\\/gerd-millmann.at\\\/\",\"name\":\"Mag. Gerd Millmann\",\"description\":\"Autor, Journalist, PR Berater, Public Affairs, Sportler\",\"publisher\":{\"@id\":\"https:\\\/\\\/gerd-millmann.at\\\/#organization\"},\"potentialAction\":[{\"@type\":\"SearchAction\",\"target\":{\"@type\":\"EntryPoint\",\"urlTemplate\":\"https:\\\/\\\/gerd-millmann.at\\\/?s={search_term_string}\"},\"query-input\":{\"@type\":\"PropertyValueSpecification\",\"valueRequired\":true,\"valueName\":\"search_term_string\"}}],\"inLanguage\":\"de\"},{\"@type\":\"Organization\",\"@id\":\"https:\\\/\\\/gerd-millmann.at\\\/#organization\",\"name\":\"Mag. Gerd Millmann\",\"url\":\"https:\\\/\\\/gerd-millmann.at\\\/\",\"logo\":{\"@type\":\"ImageObject\",\"inLanguage\":\"de\",\"@id\":\"https:\\\/\\\/gerd-millmann.at\\\/#\\\/schema\\\/logo\\\/image\\\/\",\"url\":\"https:\\\/\\\/gerd-millmann.at\\\/wp-content\\\/uploads\\\/2016\\\/07\\\/gerdmillmannblicknachlinks1.jpeg\",\"contentUrl\":\"https:\\\/\\\/gerd-millmann.at\\\/wp-content\\\/uploads\\\/2016\\\/07\\\/gerdmillmannblicknachlinks1.jpeg\",\"width\":450,\"height\":450,\"caption\":\"Mag. Gerd Millmann\"},\"image\":{\"@id\":\"https:\\\/\\\/gerd-millmann.at\\\/#\\\/schema\\\/logo\\\/image\\\/\"},\"sameAs\":[\"https:\\\/\\\/www.facebook.com\\\/profile.php?id=1221733024\",\"https:\\\/\\\/x.com\\\/GerdMillmann\",\"https:\\\/\\\/at.linkedin.com\\\/in\\\/gerd-millmann\",\"https:\\\/\\\/www.xing.com\\\/profile\\\/Gerd_Millmann2\\\/\"]}]}<\/script>\n<!-- \/ Yoast SEO plugin. -->","yoast_head_json":{"title":"Referenzen - Mag. Gerd Millmann","robots":{"index":"index","follow":"follow","max-snippet":"max-snippet:-1","max-image-preview":"max-image-preview:large","max-video-preview":"max-video-preview:-1"},"canonical":"https:\/\/gerd-millmann.at\/?page_id=528","og_locale":"de_DE","og_type":"article","og_title":"Referenzen - Mag. Gerd Millmann","og_description":"Die folgende Liste beinhaltet Unternehmen und Organisationen, f\u00fcr die ich in meinem Berufsleben direkt oder indirekt gearbeitet habe. Meine T\u00e4tigkeit ist dabei zumeist dem Journalismus, der PR und der Politikberatung zuzuschreiben; in vielen F\u00e4llen trete und trat ich auch als... Weiterlesen &rarr;","og_url":"https:\/\/gerd-millmann.at\/?page_id=528","og_site_name":"Mag. Gerd Millmann","article_publisher":"https:\/\/www.facebook.com\/profile.php?id=1221733024","twitter_card":"summary_large_image","twitter_site":"@GerdMillmann","twitter_misc":{"Gesch\u00e4tzte Lesezeit":"2\u00a0Minuten"},"schema":{"@context":"https:\/\/schema.org","@graph":[{"@type":"WebPage","@id":"https:\/\/gerd-millmann.at\/?page_id=528","url":"https:\/\/gerd-millmann.at\/?page_id=528","name":"Referenzen - Mag. Gerd Millmann","isPartOf":{"@id":"https:\/\/gerd-millmann.at\/#website"},"datePublished":"2016-07-22T10:10:29+00:00","breadcrumb":{"@id":"https:\/\/gerd-millmann.at\/?page_id=528#breadcrumb"},"inLanguage":"de","potentialAction":[{"@type":"ReadAction","target":["https:\/\/gerd-millmann.at\/?page_id=528"]}]},{"@type":"BreadcrumbList","@id":"https:\/\/gerd-millmann.at\/?page_id=528#breadcrumb","itemListElement":[{"@type":"ListItem","position":1,"name":"Startseite","item":"https:\/\/gerd-millmann.at\/"},{"@type":"ListItem","position":2,"name":"Referenzen"}]},{"@type":"WebSite","@id":"https:\/\/gerd-millmann.at\/#website","url":"https:\/\/gerd-millmann.at\/","name":"Mag. Gerd Millmann","description":"Autor, Journalist, PR Berater, Public Affairs, Sportler","publisher":{"@id":"https:\/\/gerd-millmann.at\/#organization"},"potentialAction":[{"@type":"SearchAction","target":{"@type":"EntryPoint","urlTemplate":"https:\/\/gerd-millmann.at\/?s={search_term_string}"},"query-input":{"@type":"PropertyValueSpecification","valueRequired":true,"valueName":"search_term_string"}}],"inLanguage":"de"},{"@type":"Organization","@id":"https:\/\/gerd-millmann.at\/#organization","name":"Mag. Gerd Millmann","url":"https:\/\/gerd-millmann.at\/","logo":{"@type":"ImageObject","inLanguage":"de","@id":"https:\/\/gerd-millmann.at\/#\/schema\/logo\/image\/","url":"https:\/\/gerd-millmann.at\/wp-content\/uploads\/2016\/07\/gerdmillmannblicknachlinks1.jpeg","contentUrl":"https:\/\/gerd-millmann.at\/wp-content\/uploads\/2016\/07\/gerdmillmannblicknachlinks1.jpeg","width":450,"height":450,"caption":"Mag. Gerd Millmann"},"image":{"@id":"https:\/\/gerd-millmann.at\/#\/schema\/logo\/image\/"},"sameAs":["https:\/\/www.facebook.com\/profile.php?id=1221733024","https:\/\/x.com\/GerdMillmann","https:\/\/at.linkedin.com\/in\/gerd-millmann","https:\/\/www.xing.com\/profile\/Gerd_Millmann2\/"]}]}},"_links":{"self":[{"href":"https:\/\/gerd-millmann.at\/index.php?rest_route=\/wp\/v2\/pages\/528","targetHints":{"allow":["GET"]}}],"collection":[{"href":"https:\/\/gerd-millmann.at\/index.php?rest_route=\/wp\/v2\/pages"}],"about":[{"href":"https:\/\/gerd-millmann.at\/index.php?rest_route=\/wp\/v2\/types\/page"}],"author":[{"embeddable":true,"href":"https:\/\/gerd-millmann.at\/index.php?rest_route=\/wp\/v2\/users\/2"}],"replies":[{"embeddable":true,"href":"https:\/\/gerd-millmann.at\/index.php?rest_route=%2Fwp%2Fv2%2Fcomments&post=528"}],"version-history":[{"count":0,"href":"https:\/\/gerd-millmann.at\/index.php?rest_route=\/wp\/v2\/pages\/528\/revisions"}],"wp:attachment":[{"href":"https:\/\/gerd-millmann.at\/index.php?rest_route=%2Fwp%2Fv2%2Fmedia&parent=528"}],"curies":[{"name":"wp","href":"https:\/\/api.w.org\/{rel}","templated":true}]}}