{"id":624,"date":"2016-07-22T12:38:13","date_gmt":"2016-07-22T10:38:13","guid":{"rendered":"https:\/\/gerdmillmann.wordpress.com\/?page_id=624"},"modified":"2016-07-22T12:38:13","modified_gmt":"2016-07-22T10:38:13","slug":"wiener-jahrbuch-fuer-politik-20042005","status":"publish","type":"page","link":"https:\/\/gerd-millmann.at\/?page_id=624","title":{"rendered":"Wiener Jahrbuch f\u00fcr Politik 2004\/2005"},"content":{"rendered":"<h3><strong>Michael H\u00e4upel, Christian Oxonitsch und Gerd Millmann (Hrsg):<\/strong><\/h3>\n<h2 id=\"title\" class=\"a-size-large a-spacing-none\">Wiener Jahrbuch f\u00fcr Politik 2004\/2005<\/h2>\n<p>Taschenbuch: 340 Seiten, Verlag, erschienen am 19. Oktober 2005.<br \/>\nISBN-10: 3901761519, ISBN-13: 978-3901761515<br \/>\nPreis: 19,80 \u20ac<\/p>\n<p><a href=\"https:\/\/www.amazon.de\/dp\/3901761519\/ref=cm_sw_em_r_mt_dp_-TFKxbCENGNEB\" target=\"_blank\" rel=\"noopener\">Bestelllink bei amazon de (vergriffen, nur mehr antiquarisch erh\u00e4ltlich)<\/a><\/p>\n<blockquote>\n<div id=\"attachment_627\" style=\"width: 270px\" class=\"wp-caption alignright\"><img fetchpriority=\"high\" decoding=\"async\" aria-describedby=\"caption-attachment-627\" class=\"alignnone  wp-image-627\" src=\"https:\/\/gerd-millmann.at\/wp-content\/uploads\/2016\/07\/wienerjahrbuchfuerpolitik_2004_2005.jpg\" alt=\"Wiener Jahrbuch f\u00fcr Politik 2004\/2005\" width=\"260\" height=\"335\" srcset=\"https:\/\/gerd-millmann.at\/wp-content\/uploads\/2016\/07\/wienerjahrbuchfuerpolitik_2004_2005.jpg 291w, https:\/\/gerd-millmann.at\/wp-content\/uploads\/2016\/07\/wienerjahrbuchfuerpolitik_2004_2005-233x300.jpg 233w\" sizes=\"(max-width: 260px) 100vw, 260px\" \/><p id=\"caption-attachment-627\" class=\"wp-caption-text\">Wiener Jahrbuch f\u00fcr Politik 2004\/2005<\/p><\/div>\n<p class=\"mt0\">Der politische H\u00f6hepunkt des Zeitraums zwischen Sommer 2004 und Sommer 2005 war aus Wiener Sicht zweifellos die Aufl\u00f6sung des Gemeinderats am 30. Juni 2005. Schon in den Monaten zuvor war ja im Verhalten der politischen Parteien aufgeregt Vorwahlstimmung erkennbar. Die Gr\u00fcnen haben sogar bereits im J\u00e4nner 2005 ihre Kandidatenliste f\u00fcr die Gemeinderatswahl beschlossen. Mit weit reichenden Auswirkungen \u00fcbrigens, wie der Wechsel eines gr\u00fcnen Gemeinderats zur \u00d6VP-Fraktion Wochen sp\u00e4ter beweisen sollte.<\/p>\n<\/blockquote>\n<blockquote><p>Ein weiterer politischer Aufreger war der bundesweite Zerfall der \u201ealten\u201c FP\u00d6 in BZ\u00d6 und FP\u00d6 im Fr\u00fchjahr 2005. Verbunden war dieses Schisma mit heftigen politischen Grabenk\u00e4mpfen der Proponenten Hein- Christian Strache (FP\u00d6) einerseits und J\u00f6rg Haider (BZ\u00d6) andererseits. Eine stark dezimierte FP-Fraktion im Wiener Rathaus und eine neue Fraktion namens BZW waren der f\u00fcr Wien sichtbarste Ausdruck dieser Spaltung, deren Langfristigkeit heute noch nicht absehbar ist.<\/p>\n<p>Schlie\u00dflich wurde mit Neujahr 2005 auch ein Jubil\u00e4umsjahr eingel\u00e4utet.\u00d6sterreich und Wien gedenken 60 Jahre Ende des Zweiten Weltkriegs bzw. Neustart der Demokratie samt politischer Parteien in \u00d6sterreich sowie 5 Jahre Bundesregierung Sch\u00fcssel. An relevanten Wahlg\u00e4ngen gab es im besagten Zeitraum Arbeiterkammer-, Wirtschaftskammer- und \u00d6H-Wahlen.<\/p>\n<p>Sie werden im heurigen Jahrbuch ebenso behandelt wie wienrelevante Themen, die auf indirekte Art auf Politik, Wirtschaft, Kultur und Alltag der Wienerinnnen und Wiener Einfluss aus\u00fcben. Die Frage der Daseinsvorsorge wirkt hier ebenso wie die Themen Arbeitslosigkeit, Steuren, Feinstaub, EU-Dienstleistungsrichtlinie, Asylgesetz und PISA-Studie. Reformen und neue Wege der Stadt finden nicht nur statt, sondern auch den Weg ins Wiener Jahrbuch f\u00fcr Politik. Das reicht von der Theaterreform \u00fcber die Breitbandinitiative, den Stadtentwicklungsplan und die neue Magistratsabteilung f\u00fcr Integrations- und Diversit\u00e4tsangelegenheiten bis zur Verwendung von \u201eOpen Software\u201c in der Stadtverwaltung. Parallel dazu \u00fcben sich Expert(inn)en in der Kunst, Wien zu erkl\u00e4ren.<\/p>\n<p>Die Beitr\u00e4ge \u00fcber das Internetverhalten Jugendlicher, die Wiener Hilfe f\u00fcr die Tsunami-Opfer in S\u00fcdostasien und vor allem die Studie \u00fcber das \u201eWesen\u201c Wiens sind nicht nur f\u00fcr Au\u00dfenstehende aufschlussreich, sie dienen auch der Wiener Selbsterkenntnis und nehmen so quasi als \u201eKollateralnutzen\u201c vorauseilenden Bezug auf das besonders f\u00fcr Wien relevante Sigmund-Fraund-Jahr 2006.<\/p>\n<p>Eine Serie beginnt gemeinhin bei der dritten Folge. Insofern ist dieser zweite Band des Wiener Jahrbuchs f\u00fcr Politik noch 2004\/2005 mitgewirkt haben. Zuallererst nat\u00fcrlich den Autor(inn)en, die durch ihre Beitr\u00e4ge mithelfen, Politik, Wissenschaft, Wirtschaft, Kunst und das Leben in Wien besser zu verstehen.<\/p>\n<p>Quelle: <a href=\"http:\/\/www.echo.at\/portfolio\/153\/\" target=\"_blank\" rel=\"noopener\">http:\/\/www.echo.at\/portfolio\/153\/<\/a><\/p><\/blockquote>\n<h2>\u00a0\u00dcber die Herausgeber<\/h2>\n<ul>\n<li><strong>Dr. Michael H\u00e4upl<\/strong>, geboren 1949, Studium der\u00a0Biologie und Zoologie an der Universit\u00e4t Wien, \u00f6sterreichischer Politiker der Sozialdemokratischen Partei \u00d6sterreichs, seit 1994 B\u00fcrgermeister und Landeshauptmann von Wien, seit 1995 Pr\u00e4sident des \u00d6sterreichischen St\u00e4dtebundes, Vizepr\u00e4sidenten der Liga Historischer St\u00e4dte (League of Historical Cities), einer Unterorganisation des International Council on Monuments and Sites sowie Pr\u00e4sident des Rates der Gemeinden und Regionen Europas.<\/li>\n<li><strong>Christian Oxonitsch<\/strong>, geboren 1961, seit 1996\/1997 Abgeordneter zum Wiener Landtag und Mitglied des Gemeinderates, von 2009 bis 2015 amtsf\u00fchrender Stadtrat f\u00fcr Bildung, Jugend, Information und Sport der Stadt Wien, seit 2011 Bundesvorsitzender der \u00d6sterreichischen Kinderfreunde, seit 2015 Klubchef des Wiener SP\u00d6-Landtagsklubs.<\/li>\n<li><strong>Mag. Gerd Millmann<\/strong>, geboren 1962, Studium der Politikwissenschaft, journalistische T\u00e4tigkeit u. a. bei Die ZEIT (\u00d6sterreich-Ausgabe): Ghostwriter, Politikberater, freier Journalist.<\/li>\n<\/ul>\n<div id=\"s3gt_translate_tooltip\" class=\"s3gt_translate_tooltip\" style=\"position:absolute;left:592px;top:192px;opacity:0;\"><\/div>\n","protected":false},"excerpt":{"rendered":"<p>Michael H\u00e4upel, Christian Oxonitsch und Gerd Millmann (Hrsg): Wiener Jahrbuch f\u00fcr Politik 2004\/2005 Taschenbuch: 340 Seiten, Verlag, erschienen am 19. Oktober 2005. ISBN-10: 3901761519, ISBN-13: 978-3901761515 Preis: 19,80 \u20ac Bestelllink bei amazon de (vergriffen, nur mehr antiquarisch erh\u00e4ltlich) Der politische&#8230; <a class=\"more-link\" href=\"https:\/\/gerd-millmann.at\/?page_id=624\">Weiterlesen &rarr;<\/a><\/p>\n","protected":false},"author":2,"featured_media":0,"parent":11,"menu_order":0,"comment_status":"closed","ping_status":"closed","template":"","meta":{"footnotes":""},"class_list":["post-624","page","type-page","status-publish","hentry"],"yoast_head":"<!-- This site is optimized with the Yoast SEO plugin v27.5 - https:\/\/yoast.com\/product\/yoast-seo-wordpress\/ -->\n<title>Wiener Jahrbuch f\u00fcr Politik 2004\/2005 - Mag. Gerd Millmann<\/title>\n<meta name=\"robots\" content=\"index, follow, max-snippet:-1, max-image-preview:large, max-video-preview:-1\" \/>\n<link rel=\"canonical\" href=\"https:\/\/gerd-millmann.at\/?page_id=624\" \/>\n<meta property=\"og:locale\" content=\"de_DE\" \/>\n<meta property=\"og:type\" content=\"article\" \/>\n<meta property=\"og:title\" content=\"Wiener Jahrbuch f\u00fcr Politik 2004\/2005 - Mag. Gerd Millmann\" \/>\n<meta property=\"og:description\" content=\"Michael H\u00e4upel, Christian Oxonitsch und Gerd Millmann (Hrsg): Wiener Jahrbuch f\u00fcr Politik 2004\/2005 Taschenbuch: 340 Seiten, Verlag, erschienen am 19. Oktober 2005. ISBN-10: 3901761519, ISBN-13: 978-3901761515 Preis: 19,80 \u20ac Bestelllink bei amazon de (vergriffen, nur mehr antiquarisch erh\u00e4ltlich) Der politische... Weiterlesen &rarr;\" \/>\n<meta property=\"og:url\" content=\"https:\/\/gerd-millmann.at\/?page_id=624\" \/>\n<meta property=\"og:site_name\" content=\"Mag. Gerd Millmann\" \/>\n<meta property=\"article:publisher\" content=\"https:\/\/www.facebook.com\/profile.php?id=1221733024\" \/>\n<meta property=\"og:image\" content=\"https:\/\/gerd-millmann.at\/wp-content\/uploads\/2016\/07\/wienerjahrbuchfuerpolitik_2004_2005.jpg\" \/>\n<meta name=\"twitter:card\" content=\"summary_large_image\" \/>\n<meta name=\"twitter:site\" content=\"@GerdMillmann\" \/>\n<meta name=\"twitter:label1\" content=\"Gesch\u00e4tzte Lesezeit\" \/>\n\t<meta name=\"twitter:data1\" content=\"3\u00a0Minuten\" \/>\n<script type=\"application\/ld+json\" class=\"yoast-schema-graph\">{\"@context\":\"https:\\\/\\\/schema.org\",\"@graph\":[{\"@type\":\"WebPage\",\"@id\":\"https:\\\/\\\/gerd-millmann.at\\\/?page_id=624\",\"url\":\"https:\\\/\\\/gerd-millmann.at\\\/?page_id=624\",\"name\":\"Wiener Jahrbuch f\u00fcr Politik 2004\\\/2005 - Mag. Gerd Millmann\",\"isPartOf\":{\"@id\":\"https:\\\/\\\/gerd-millmann.at\\\/#website\"},\"primaryImageOfPage\":{\"@id\":\"https:\\\/\\\/gerd-millmann.at\\\/?page_id=624#primaryimage\"},\"image\":{\"@id\":\"https:\\\/\\\/gerd-millmann.at\\\/?page_id=624#primaryimage\"},\"thumbnailUrl\":\"https:\\\/\\\/gerd-millmann.at\\\/wp-content\\\/uploads\\\/2016\\\/07\\\/wienerjahrbuchfuerpolitik_2004_2005.jpg\",\"datePublished\":\"2016-07-22T10:38:13+00:00\",\"breadcrumb\":{\"@id\":\"https:\\\/\\\/gerd-millmann.at\\\/?page_id=624#breadcrumb\"},\"inLanguage\":\"de\",\"potentialAction\":[{\"@type\":\"ReadAction\",\"target\":[\"https:\\\/\\\/gerd-millmann.at\\\/?page_id=624\"]}]},{\"@type\":\"ImageObject\",\"inLanguage\":\"de\",\"@id\":\"https:\\\/\\\/gerd-millmann.at\\\/?page_id=624#primaryimage\",\"url\":\"https:\\\/\\\/gerd-millmann.at\\\/wp-content\\\/uploads\\\/2016\\\/07\\\/wienerjahrbuchfuerpolitik_2004_2005.jpg\",\"contentUrl\":\"https:\\\/\\\/gerd-millmann.at\\\/wp-content\\\/uploads\\\/2016\\\/07\\\/wienerjahrbuchfuerpolitik_2004_2005.jpg\",\"width\":291,\"height\":375,\"caption\":\"Wiener Jahrbuch f\u00fcr Politik 2004\\\/2005\"},{\"@type\":\"BreadcrumbList\",\"@id\":\"https:\\\/\\\/gerd-millmann.at\\\/?page_id=624#breadcrumb\",\"itemListElement\":[{\"@type\":\"ListItem\",\"position\":1,\"name\":\"Startseite\",\"item\":\"https:\\\/\\\/gerd-millmann.at\\\/\"},{\"@type\":\"ListItem\",\"position\":2,\"name\":\"Publikationen\",\"item\":\"https:\\\/\\\/gerd-millmann.at\\\/?page_id=11\"},{\"@type\":\"ListItem\",\"position\":3,\"name\":\"Wiener Jahrbuch f\u00fcr Politik 2004\\\/2005\"}]},{\"@type\":\"WebSite\",\"@id\":\"https:\\\/\\\/gerd-millmann.at\\\/#website\",\"url\":\"https:\\\/\\\/gerd-millmann.at\\\/\",\"name\":\"Mag. Gerd Millmann\",\"description\":\"Autor, Journalist, PR Berater, Public Affairs, Sportler\",\"publisher\":{\"@id\":\"https:\\\/\\\/gerd-millmann.at\\\/#organization\"},\"potentialAction\":[{\"@type\":\"SearchAction\",\"target\":{\"@type\":\"EntryPoint\",\"urlTemplate\":\"https:\\\/\\\/gerd-millmann.at\\\/?s={search_term_string}\"},\"query-input\":{\"@type\":\"PropertyValueSpecification\",\"valueRequired\":true,\"valueName\":\"search_term_string\"}}],\"inLanguage\":\"de\"},{\"@type\":\"Organization\",\"@id\":\"https:\\\/\\\/gerd-millmann.at\\\/#organization\",\"name\":\"Mag. Gerd Millmann\",\"url\":\"https:\\\/\\\/gerd-millmann.at\\\/\",\"logo\":{\"@type\":\"ImageObject\",\"inLanguage\":\"de\",\"@id\":\"https:\\\/\\\/gerd-millmann.at\\\/#\\\/schema\\\/logo\\\/image\\\/\",\"url\":\"https:\\\/\\\/gerd-millmann.at\\\/wp-content\\\/uploads\\\/2016\\\/07\\\/gerdmillmannblicknachlinks1.jpeg\",\"contentUrl\":\"https:\\\/\\\/gerd-millmann.at\\\/wp-content\\\/uploads\\\/2016\\\/07\\\/gerdmillmannblicknachlinks1.jpeg\",\"width\":450,\"height\":450,\"caption\":\"Mag. Gerd Millmann\"},\"image\":{\"@id\":\"https:\\\/\\\/gerd-millmann.at\\\/#\\\/schema\\\/logo\\\/image\\\/\"},\"sameAs\":[\"https:\\\/\\\/www.facebook.com\\\/profile.php?id=1221733024\",\"https:\\\/\\\/x.com\\\/GerdMillmann\",\"https:\\\/\\\/at.linkedin.com\\\/in\\\/gerd-millmann\",\"https:\\\/\\\/www.xing.com\\\/profile\\\/Gerd_Millmann2\\\/\"]}]}<\/script>\n<!-- \/ Yoast SEO plugin. -->","yoast_head_json":{"title":"Wiener Jahrbuch f\u00fcr Politik 2004\/2005 - Mag. Gerd Millmann","robots":{"index":"index","follow":"follow","max-snippet":"max-snippet:-1","max-image-preview":"max-image-preview:large","max-video-preview":"max-video-preview:-1"},"canonical":"https:\/\/gerd-millmann.at\/?page_id=624","og_locale":"de_DE","og_type":"article","og_title":"Wiener Jahrbuch f\u00fcr Politik 2004\/2005 - Mag. Gerd Millmann","og_description":"Michael H\u00e4upel, Christian Oxonitsch und Gerd Millmann (Hrsg): Wiener Jahrbuch f\u00fcr Politik 2004\/2005 Taschenbuch: 340 Seiten, Verlag, erschienen am 19. Oktober 2005. ISBN-10: 3901761519, ISBN-13: 978-3901761515 Preis: 19,80 \u20ac Bestelllink bei amazon de (vergriffen, nur mehr antiquarisch erh\u00e4ltlich) Der politische... Weiterlesen &rarr;","og_url":"https:\/\/gerd-millmann.at\/?page_id=624","og_site_name":"Mag. Gerd Millmann","article_publisher":"https:\/\/www.facebook.com\/profile.php?id=1221733024","og_image":[{"url":"https:\/\/gerd-millmann.at\/wp-content\/uploads\/2016\/07\/wienerjahrbuchfuerpolitik_2004_2005.jpg","type":"","width":"","height":""}],"twitter_card":"summary_large_image","twitter_site":"@GerdMillmann","twitter_misc":{"Gesch\u00e4tzte Lesezeit":"3\u00a0Minuten"},"schema":{"@context":"https:\/\/schema.org","@graph":[{"@type":"WebPage","@id":"https:\/\/gerd-millmann.at\/?page_id=624","url":"https:\/\/gerd-millmann.at\/?page_id=624","name":"Wiener Jahrbuch f\u00fcr Politik 2004\/2005 - Mag. Gerd Millmann","isPartOf":{"@id":"https:\/\/gerd-millmann.at\/#website"},"primaryImageOfPage":{"@id":"https:\/\/gerd-millmann.at\/?page_id=624#primaryimage"},"image":{"@id":"https:\/\/gerd-millmann.at\/?page_id=624#primaryimage"},"thumbnailUrl":"https:\/\/gerd-millmann.at\/wp-content\/uploads\/2016\/07\/wienerjahrbuchfuerpolitik_2004_2005.jpg","datePublished":"2016-07-22T10:38:13+00:00","breadcrumb":{"@id":"https:\/\/gerd-millmann.at\/?page_id=624#breadcrumb"},"inLanguage":"de","potentialAction":[{"@type":"ReadAction","target":["https:\/\/gerd-millmann.at\/?page_id=624"]}]},{"@type":"ImageObject","inLanguage":"de","@id":"https:\/\/gerd-millmann.at\/?page_id=624#primaryimage","url":"https:\/\/gerd-millmann.at\/wp-content\/uploads\/2016\/07\/wienerjahrbuchfuerpolitik_2004_2005.jpg","contentUrl":"https:\/\/gerd-millmann.at\/wp-content\/uploads\/2016\/07\/wienerjahrbuchfuerpolitik_2004_2005.jpg","width":291,"height":375,"caption":"Wiener Jahrbuch f\u00fcr Politik 2004\/2005"},{"@type":"BreadcrumbList","@id":"https:\/\/gerd-millmann.at\/?page_id=624#breadcrumb","itemListElement":[{"@type":"ListItem","position":1,"name":"Startseite","item":"https:\/\/gerd-millmann.at\/"},{"@type":"ListItem","position":2,"name":"Publikationen","item":"https:\/\/gerd-millmann.at\/?page_id=11"},{"@type":"ListItem","position":3,"name":"Wiener Jahrbuch f\u00fcr Politik 2004\/2005"}]},{"@type":"WebSite","@id":"https:\/\/gerd-millmann.at\/#website","url":"https:\/\/gerd-millmann.at\/","name":"Mag. Gerd Millmann","description":"Autor, Journalist, PR Berater, Public Affairs, Sportler","publisher":{"@id":"https:\/\/gerd-millmann.at\/#organization"},"potentialAction":[{"@type":"SearchAction","target":{"@type":"EntryPoint","urlTemplate":"https:\/\/gerd-millmann.at\/?s={search_term_string}"},"query-input":{"@type":"PropertyValueSpecification","valueRequired":true,"valueName":"search_term_string"}}],"inLanguage":"de"},{"@type":"Organization","@id":"https:\/\/gerd-millmann.at\/#organization","name":"Mag. Gerd Millmann","url":"https:\/\/gerd-millmann.at\/","logo":{"@type":"ImageObject","inLanguage":"de","@id":"https:\/\/gerd-millmann.at\/#\/schema\/logo\/image\/","url":"https:\/\/gerd-millmann.at\/wp-content\/uploads\/2016\/07\/gerdmillmannblicknachlinks1.jpeg","contentUrl":"https:\/\/gerd-millmann.at\/wp-content\/uploads\/2016\/07\/gerdmillmannblicknachlinks1.jpeg","width":450,"height":450,"caption":"Mag. Gerd Millmann"},"image":{"@id":"https:\/\/gerd-millmann.at\/#\/schema\/logo\/image\/"},"sameAs":["https:\/\/www.facebook.com\/profile.php?id=1221733024","https:\/\/x.com\/GerdMillmann","https:\/\/at.linkedin.com\/in\/gerd-millmann","https:\/\/www.xing.com\/profile\/Gerd_Millmann2\/"]}]}},"_links":{"self":[{"href":"https:\/\/gerd-millmann.at\/index.php?rest_route=\/wp\/v2\/pages\/624","targetHints":{"allow":["GET"]}}],"collection":[{"href":"https:\/\/gerd-millmann.at\/index.php?rest_route=\/wp\/v2\/pages"}],"about":[{"href":"https:\/\/gerd-millmann.at\/index.php?rest_route=\/wp\/v2\/types\/page"}],"author":[{"embeddable":true,"href":"https:\/\/gerd-millmann.at\/index.php?rest_route=\/wp\/v2\/users\/2"}],"replies":[{"embeddable":true,"href":"https:\/\/gerd-millmann.at\/index.php?rest_route=%2Fwp%2Fv2%2Fcomments&post=624"}],"version-history":[{"count":0,"href":"https:\/\/gerd-millmann.at\/index.php?rest_route=\/wp\/v2\/pages\/624\/revisions"}],"up":[{"embeddable":true,"href":"https:\/\/gerd-millmann.at\/index.php?rest_route=\/wp\/v2\/pages\/11"}],"wp:attachment":[{"href":"https:\/\/gerd-millmann.at\/index.php?rest_route=%2Fwp%2Fv2%2Fmedia&parent=624"}],"curies":[{"name":"wp","href":"https:\/\/api.w.org\/{rel}","templated":true}]}}