{"id":629,"date":"2016-07-22T12:53:33","date_gmt":"2016-07-22T10:53:33","guid":{"rendered":"https:\/\/gerdmillmann.wordpress.com\/?page_id=629"},"modified":"2016-07-22T12:53:33","modified_gmt":"2016-07-22T10:53:33","slug":"wiener-jahrbuch-fuer-politik-20032004","status":"publish","type":"page","link":"https:\/\/gerd-millmann.at\/?page_id=629","title":{"rendered":"Wiener Jahrbuch f\u00fcr Politik 2003\/2004"},"content":{"rendered":"<h3><strong>Michael H\u00e4upel, Christian Oxonitsch und Gerd Millmann (Hrsg):<\/strong><\/h3>\n<div class=\"a-section a-spacing-none\">\n<h2 id=\"title\" class=\"a-size-large a-spacing-none\"><span id=\"ebooksProductTitle\" class=\"a-size-extra-large\">Wiener Jahrbuch f\u00fcr Politik 2004\/2005<\/span><\/h2>\n<p>Taschenbuch: 420 Seiten<br \/>\nVerlag: echomedia, erschienen am 18. November 2004, Wien.<br \/>\nISBN-10: 3901761373, ISBN-13: 978-3901761379<br \/>\nPreis: 19,80 \u20ac (vergriffen)<br \/>\n<a href=\"https:\/\/www.amazon.de\/dp\/3901761373\/ref=cm_sw_em_r_mt_dp_JLFKxbV6EPPRD\" target=\"_blank\" rel=\"noopener\">Bestelllink bei amazon.de (vergriffen, nur mehr antquarisch erh\u00e4ltlich)<\/a><\/p>\n<blockquote>\n<div id=\"attachment_631\" style=\"width: 270px\" class=\"wp-caption alignright\"><img fetchpriority=\"high\" decoding=\"async\" aria-describedby=\"caption-attachment-631\" class=\"alignnone  wp-image-631\" src=\"https:\/\/gerd-millmann.at\/wp-content\/uploads\/2016\/07\/wienerjahrbuchfuerpolitik_2003_2004.jpg\" alt=\"Wiener Jahrbuch f\u00fcr Politik 2003\/2004\" width=\"260\" height=\"369\" srcset=\"https:\/\/gerd-millmann.at\/wp-content\/uploads\/2016\/07\/wienerjahrbuchfuerpolitik_2003_2004.jpg 351w, https:\/\/gerd-millmann.at\/wp-content\/uploads\/2016\/07\/wienerjahrbuchfuerpolitik_2003_2004-211x300.jpg 211w\" sizes=\"(max-width: 260px) 100vw, 260px\" \/><p id=\"caption-attachment-631\" class=\"wp-caption-text\">Wiener Jahrbuch f\u00fcr Politik 2003\/2004<\/p><\/div>\n<p>Warum ein Wiener Jahrbuch f\u00fcr Politik? \u2013 Wien weist als Bundeshauptstadt, als Bundesland und als Gemeinde ein reges und vielf\u00e4ltiges politisches Geschehen auf.<br \/>\nAls Bundesland mit dem weitaus h\u00f6chsten Steueraufkommen \u00d6sterreichs, als Bundesland mit einem eigenst\u00e4ndigen politischen Kurs sozialer, wirtschaftlicher und zukunftsorientierter Dynamik, als europ\u00e4ische Kulturmetropole und als einer von drei UNO-Amtssitzen weltweit sowie als Hauptsitz von 40 internationalen Organisationen und Instituten ist Wien Standort und Akteur der wichtigsten Politikbereiche.<\/p>\n<p>Aus diesem Grund wird im Jahrbuch den einzelnen Politikfeldern auf der Ebene des Landes Wien viel Platz einger\u00e4umt. Insgesamt 42 Beitr\u00e4ge auf rund 420 Seiten beleuchten die verschiedensten politischen Aspekte dieser Stadt. Nachdem aber Gemeinde-, Regional-, Bundes- und EU-Politik ineinander verzahnt und nur als gemeinsames Ganzes zu verstehen und zu interpretieren sind, finden sich in diesem Jahrbuch auch Analysen von Politikfeldern, die in keinem direkten Zusammenhang zum Wiener politischen Geschehen stehen, es aber sehr wohl beeinflussen. Das reicht von der Pensionsreform \u00fcber die Wahl des Europ\u00e4ischen Parlaments und die Bundespr\u00e4sidentenwahl bis zur Frage der Sozialpartnerschaft in \u00d6sterreich. Es finden sich in diesem Jahrbuch aber auch Themen, die die Basis und das Umfeld des politischen Wirkens und Handelns in Wien erkl\u00e4ren. Es sind oft gerade diese peripheren Aspekte der Politik, diese \u201esoft facts\u201c, die Licht in die Hintergr\u00fcnde des politischen Geschehens bringen.<\/p>\n<p>Die gro\u00df angelegte Studie \u201eLeben in Wien\u201c, das Thema Sicherheit und die Entwicklung und Einbettung der Psychologie in der Stadt Sigmund Freuds helfen F\u00e4den des Verstehens zu kn\u00fcpfen. Denn ebenso wie jeder Konzern, jede Familie, jeder Verein eine eigene Kultur hat, ebenso hat auch jedes politische Geschehen seine gewachsene Kultur. Der analytische Blick von au\u00dfen, die Sicht auf die Geschichte und der Vergleich mit anderen gewachsenen Kulturen erm\u00f6glichen es, die Basis der eigenen politischen Kultur zu relativieren. Selbstverst\u00e4ndliches kann auf diese Art auf Notwendigkeit und Sinn \u00fcberpr\u00fcft werden, tradierte Politik-Formen und -Inhalte k\u00f6nnen als solche erkannt und leichter bewertet werden.<\/p>\n<p>Zielgruppe des Jahrbuchs sind politisch interessierte Leser aus den Bereichen Politik, Publizistik, Wirtschaft, Kultur und Wissenschaft. Ihnen soll durch dieses Buch die Wiener Politik n\u00e4her gebracht und vermittelt werden. Es erlaubt den ber\u00fchmten \u201eSchritt zur\u00fcck\u201c, um etwas Distanz zum Tagesgeschehen zu erhalten und aus dieser Perspektive heraus politische Themen ohne die bestimmende mediale Atemlosigkeit zu erkennen, zu analysieren und zu bewerten.<\/p>\n<p>Quelle: <a href=\"http:\/\/www.echo.at\/portfolio\/117\/\" target=\"_blank\" rel=\"noopener\">http:\/\/www.echo.at\/portfolio\/117\/<\/a><\/p><\/blockquote>\n<h2>\u00dcber die Herausgeber<\/h2>\n<ul>\n<li><strong>Dr. Michael H\u00e4upl<\/strong>, geboren 1949, Studium der\u00a0Biologie und Zoologie an der Universit\u00e4t Wien, \u00f6sterreichischer Politiker der Sozialdemokratischen Partei \u00d6sterreichs, seit 1994 B\u00fcrgermeister und Landeshauptmann von Wien, seit 1995 Pr\u00e4sident des \u00d6sterreichischen St\u00e4dtebundes, Vizepr\u00e4sidenten der Liga Historischer St\u00e4dte (League of Historical Cities), einer Unterorganisation des International Council on Monuments and Sites sowie Pr\u00e4sident des Rates der Gemeinden und Regionen Europas.<\/li>\n<li><strong>Christian Oxonitsch<\/strong>, geboren 1961, seit 1996\/1997 Abgeordneter zum Wiener Landtag und Mitglied des Gemeinderates, von 2009 bis 2015 amtsf\u00fchrender Stadtrat f\u00fcr Bildung, Jugend, Information und Sport der Stadt Wien, seit 2011 Bundesvorsitzender der \u00d6sterreichischen Kinderfreunde, seit 2015 Klubchef des Wiener SP\u00d6-Landtagsklubs.<\/li>\n<li><strong>Mag. Gerd Millmann<\/strong>, geboren 1962, Studium der Politikwissenschaft, journalistische T\u00e4tigkeit u. a. bei Die ZEIT (\u00d6sterreich-Ausgabe): Ghostwriter, Politikberater, freier Journalist.<\/li>\n<\/ul>\n<p>&nbsp;<\/p>\n<\/div>\n","protected":false},"excerpt":{"rendered":"<p>Michael H\u00e4upel, Christian Oxonitsch und Gerd Millmann (Hrsg): Wiener Jahrbuch f\u00fcr Politik 2004\/2005 Taschenbuch: 420 Seiten Verlag: echomedia, erschienen am 18. November 2004, Wien. ISBN-10: 3901761373, ISBN-13: 978-3901761379 Preis: 19,80 \u20ac (vergriffen) Bestelllink bei amazon.de (vergriffen, nur mehr antquarisch erh\u00e4ltlich)&#8230; <a class=\"more-link\" href=\"https:\/\/gerd-millmann.at\/?page_id=629\">Weiterlesen &rarr;<\/a><\/p>\n","protected":false},"author":2,"featured_media":0,"parent":11,"menu_order":0,"comment_status":"closed","ping_status":"closed","template":"","meta":{"footnotes":""},"class_list":["post-629","page","type-page","status-publish","hentry"],"yoast_head":"<!-- This site is optimized with the Yoast SEO plugin v27.5 - https:\/\/yoast.com\/product\/yoast-seo-wordpress\/ -->\n<title>Wiener Jahrbuch f\u00fcr Politik 2003\/2004 - Mag. Gerd Millmann<\/title>\n<meta name=\"robots\" content=\"index, follow, max-snippet:-1, max-image-preview:large, max-video-preview:-1\" \/>\n<link rel=\"canonical\" href=\"https:\/\/gerd-millmann.at\/?page_id=629\" \/>\n<meta property=\"og:locale\" content=\"de_DE\" \/>\n<meta property=\"og:type\" content=\"article\" \/>\n<meta property=\"og:title\" content=\"Wiener Jahrbuch f\u00fcr Politik 2003\/2004 - Mag. Gerd Millmann\" \/>\n<meta property=\"og:description\" content=\"Michael H\u00e4upel, Christian Oxonitsch und Gerd Millmann (Hrsg): Wiener Jahrbuch f\u00fcr Politik 2004\/2005 Taschenbuch: 420 Seiten Verlag: echomedia, erschienen am 18. November 2004, Wien. ISBN-10: 3901761373, ISBN-13: 978-3901761379 Preis: 19,80 \u20ac (vergriffen) Bestelllink bei amazon.de (vergriffen, nur mehr antquarisch erh\u00e4ltlich)... Weiterlesen &rarr;\" \/>\n<meta property=\"og:url\" content=\"https:\/\/gerd-millmann.at\/?page_id=629\" \/>\n<meta property=\"og:site_name\" content=\"Mag. Gerd Millmann\" \/>\n<meta property=\"article:publisher\" content=\"https:\/\/www.facebook.com\/profile.php?id=1221733024\" \/>\n<meta property=\"og:image\" content=\"https:\/\/gerd-millmann.at\/wp-content\/uploads\/2016\/07\/wienerjahrbuchfuerpolitik_2003_2004.jpg\" \/>\n<meta name=\"twitter:card\" content=\"summary_large_image\" \/>\n<meta name=\"twitter:site\" content=\"@GerdMillmann\" \/>\n<meta name=\"twitter:label1\" content=\"Gesch\u00e4tzte Lesezeit\" \/>\n\t<meta name=\"twitter:data1\" content=\"3\u00a0Minuten\" \/>\n<script type=\"application\/ld+json\" class=\"yoast-schema-graph\">{\"@context\":\"https:\\\/\\\/schema.org\",\"@graph\":[{\"@type\":\"WebPage\",\"@id\":\"https:\\\/\\\/gerd-millmann.at\\\/?page_id=629\",\"url\":\"https:\\\/\\\/gerd-millmann.at\\\/?page_id=629\",\"name\":\"Wiener Jahrbuch f\u00fcr Politik 2003\\\/2004 - Mag. Gerd Millmann\",\"isPartOf\":{\"@id\":\"https:\\\/\\\/gerd-millmann.at\\\/#website\"},\"primaryImageOfPage\":{\"@id\":\"https:\\\/\\\/gerd-millmann.at\\\/?page_id=629#primaryimage\"},\"image\":{\"@id\":\"https:\\\/\\\/gerd-millmann.at\\\/?page_id=629#primaryimage\"},\"thumbnailUrl\":\"https:\\\/\\\/gerd-millmann.at\\\/wp-content\\\/uploads\\\/2016\\\/07\\\/wienerjahrbuchfuerpolitik_2003_2004.jpg\",\"datePublished\":\"2016-07-22T10:53:33+00:00\",\"breadcrumb\":{\"@id\":\"https:\\\/\\\/gerd-millmann.at\\\/?page_id=629#breadcrumb\"},\"inLanguage\":\"de\",\"potentialAction\":[{\"@type\":\"ReadAction\",\"target\":[\"https:\\\/\\\/gerd-millmann.at\\\/?page_id=629\"]}]},{\"@type\":\"ImageObject\",\"inLanguage\":\"de\",\"@id\":\"https:\\\/\\\/gerd-millmann.at\\\/?page_id=629#primaryimage\",\"url\":\"https:\\\/\\\/gerd-millmann.at\\\/wp-content\\\/uploads\\\/2016\\\/07\\\/wienerjahrbuchfuerpolitik_2003_2004.jpg\",\"contentUrl\":\"https:\\\/\\\/gerd-millmann.at\\\/wp-content\\\/uploads\\\/2016\\\/07\\\/wienerjahrbuchfuerpolitik_2003_2004.jpg\",\"width\":351,\"height\":499,\"caption\":\"Wiener Jahrbuch f\u00fcr Politik 2003\\\/2004\"},{\"@type\":\"BreadcrumbList\",\"@id\":\"https:\\\/\\\/gerd-millmann.at\\\/?page_id=629#breadcrumb\",\"itemListElement\":[{\"@type\":\"ListItem\",\"position\":1,\"name\":\"Startseite\",\"item\":\"https:\\\/\\\/gerd-millmann.at\\\/\"},{\"@type\":\"ListItem\",\"position\":2,\"name\":\"Publikationen\",\"item\":\"https:\\\/\\\/gerd-millmann.at\\\/?page_id=11\"},{\"@type\":\"ListItem\",\"position\":3,\"name\":\"Wiener Jahrbuch f\u00fcr Politik 2003\\\/2004\"}]},{\"@type\":\"WebSite\",\"@id\":\"https:\\\/\\\/gerd-millmann.at\\\/#website\",\"url\":\"https:\\\/\\\/gerd-millmann.at\\\/\",\"name\":\"Mag. Gerd Millmann\",\"description\":\"Autor, Journalist, PR Berater, Public Affairs, Sportler\",\"publisher\":{\"@id\":\"https:\\\/\\\/gerd-millmann.at\\\/#organization\"},\"potentialAction\":[{\"@type\":\"SearchAction\",\"target\":{\"@type\":\"EntryPoint\",\"urlTemplate\":\"https:\\\/\\\/gerd-millmann.at\\\/?s={search_term_string}\"},\"query-input\":{\"@type\":\"PropertyValueSpecification\",\"valueRequired\":true,\"valueName\":\"search_term_string\"}}],\"inLanguage\":\"de\"},{\"@type\":\"Organization\",\"@id\":\"https:\\\/\\\/gerd-millmann.at\\\/#organization\",\"name\":\"Mag. Gerd Millmann\",\"url\":\"https:\\\/\\\/gerd-millmann.at\\\/\",\"logo\":{\"@type\":\"ImageObject\",\"inLanguage\":\"de\",\"@id\":\"https:\\\/\\\/gerd-millmann.at\\\/#\\\/schema\\\/logo\\\/image\\\/\",\"url\":\"https:\\\/\\\/gerd-millmann.at\\\/wp-content\\\/uploads\\\/2016\\\/07\\\/gerdmillmannblicknachlinks1.jpeg\",\"contentUrl\":\"https:\\\/\\\/gerd-millmann.at\\\/wp-content\\\/uploads\\\/2016\\\/07\\\/gerdmillmannblicknachlinks1.jpeg\",\"width\":450,\"height\":450,\"caption\":\"Mag. Gerd Millmann\"},\"image\":{\"@id\":\"https:\\\/\\\/gerd-millmann.at\\\/#\\\/schema\\\/logo\\\/image\\\/\"},\"sameAs\":[\"https:\\\/\\\/www.facebook.com\\\/profile.php?id=1221733024\",\"https:\\\/\\\/x.com\\\/GerdMillmann\",\"https:\\\/\\\/at.linkedin.com\\\/in\\\/gerd-millmann\",\"https:\\\/\\\/www.xing.com\\\/profile\\\/Gerd_Millmann2\\\/\"]}]}<\/script>\n<!-- \/ Yoast SEO plugin. -->","yoast_head_json":{"title":"Wiener Jahrbuch f\u00fcr Politik 2003\/2004 - Mag. Gerd Millmann","robots":{"index":"index","follow":"follow","max-snippet":"max-snippet:-1","max-image-preview":"max-image-preview:large","max-video-preview":"max-video-preview:-1"},"canonical":"https:\/\/gerd-millmann.at\/?page_id=629","og_locale":"de_DE","og_type":"article","og_title":"Wiener Jahrbuch f\u00fcr Politik 2003\/2004 - Mag. Gerd Millmann","og_description":"Michael H\u00e4upel, Christian Oxonitsch und Gerd Millmann (Hrsg): Wiener Jahrbuch f\u00fcr Politik 2004\/2005 Taschenbuch: 420 Seiten Verlag: echomedia, erschienen am 18. November 2004, Wien. ISBN-10: 3901761373, ISBN-13: 978-3901761379 Preis: 19,80 \u20ac (vergriffen) Bestelllink bei amazon.de (vergriffen, nur mehr antquarisch erh\u00e4ltlich)... Weiterlesen &rarr;","og_url":"https:\/\/gerd-millmann.at\/?page_id=629","og_site_name":"Mag. Gerd Millmann","article_publisher":"https:\/\/www.facebook.com\/profile.php?id=1221733024","og_image":[{"url":"https:\/\/gerd-millmann.at\/wp-content\/uploads\/2016\/07\/wienerjahrbuchfuerpolitik_2003_2004.jpg","type":"","width":"","height":""}],"twitter_card":"summary_large_image","twitter_site":"@GerdMillmann","twitter_misc":{"Gesch\u00e4tzte Lesezeit":"3\u00a0Minuten"},"schema":{"@context":"https:\/\/schema.org","@graph":[{"@type":"WebPage","@id":"https:\/\/gerd-millmann.at\/?page_id=629","url":"https:\/\/gerd-millmann.at\/?page_id=629","name":"Wiener Jahrbuch f\u00fcr Politik 2003\/2004 - Mag. Gerd Millmann","isPartOf":{"@id":"https:\/\/gerd-millmann.at\/#website"},"primaryImageOfPage":{"@id":"https:\/\/gerd-millmann.at\/?page_id=629#primaryimage"},"image":{"@id":"https:\/\/gerd-millmann.at\/?page_id=629#primaryimage"},"thumbnailUrl":"https:\/\/gerd-millmann.at\/wp-content\/uploads\/2016\/07\/wienerjahrbuchfuerpolitik_2003_2004.jpg","datePublished":"2016-07-22T10:53:33+00:00","breadcrumb":{"@id":"https:\/\/gerd-millmann.at\/?page_id=629#breadcrumb"},"inLanguage":"de","potentialAction":[{"@type":"ReadAction","target":["https:\/\/gerd-millmann.at\/?page_id=629"]}]},{"@type":"ImageObject","inLanguage":"de","@id":"https:\/\/gerd-millmann.at\/?page_id=629#primaryimage","url":"https:\/\/gerd-millmann.at\/wp-content\/uploads\/2016\/07\/wienerjahrbuchfuerpolitik_2003_2004.jpg","contentUrl":"https:\/\/gerd-millmann.at\/wp-content\/uploads\/2016\/07\/wienerjahrbuchfuerpolitik_2003_2004.jpg","width":351,"height":499,"caption":"Wiener Jahrbuch f\u00fcr Politik 2003\/2004"},{"@type":"BreadcrumbList","@id":"https:\/\/gerd-millmann.at\/?page_id=629#breadcrumb","itemListElement":[{"@type":"ListItem","position":1,"name":"Startseite","item":"https:\/\/gerd-millmann.at\/"},{"@type":"ListItem","position":2,"name":"Publikationen","item":"https:\/\/gerd-millmann.at\/?page_id=11"},{"@type":"ListItem","position":3,"name":"Wiener Jahrbuch f\u00fcr Politik 2003\/2004"}]},{"@type":"WebSite","@id":"https:\/\/gerd-millmann.at\/#website","url":"https:\/\/gerd-millmann.at\/","name":"Mag. Gerd Millmann","description":"Autor, Journalist, PR Berater, Public Affairs, Sportler","publisher":{"@id":"https:\/\/gerd-millmann.at\/#organization"},"potentialAction":[{"@type":"SearchAction","target":{"@type":"EntryPoint","urlTemplate":"https:\/\/gerd-millmann.at\/?s={search_term_string}"},"query-input":{"@type":"PropertyValueSpecification","valueRequired":true,"valueName":"search_term_string"}}],"inLanguage":"de"},{"@type":"Organization","@id":"https:\/\/gerd-millmann.at\/#organization","name":"Mag. Gerd Millmann","url":"https:\/\/gerd-millmann.at\/","logo":{"@type":"ImageObject","inLanguage":"de","@id":"https:\/\/gerd-millmann.at\/#\/schema\/logo\/image\/","url":"https:\/\/gerd-millmann.at\/wp-content\/uploads\/2016\/07\/gerdmillmannblicknachlinks1.jpeg","contentUrl":"https:\/\/gerd-millmann.at\/wp-content\/uploads\/2016\/07\/gerdmillmannblicknachlinks1.jpeg","width":450,"height":450,"caption":"Mag. Gerd Millmann"},"image":{"@id":"https:\/\/gerd-millmann.at\/#\/schema\/logo\/image\/"},"sameAs":["https:\/\/www.facebook.com\/profile.php?id=1221733024","https:\/\/x.com\/GerdMillmann","https:\/\/at.linkedin.com\/in\/gerd-millmann","https:\/\/www.xing.com\/profile\/Gerd_Millmann2\/"]}]}},"_links":{"self":[{"href":"https:\/\/gerd-millmann.at\/index.php?rest_route=\/wp\/v2\/pages\/629","targetHints":{"allow":["GET"]}}],"collection":[{"href":"https:\/\/gerd-millmann.at\/index.php?rest_route=\/wp\/v2\/pages"}],"about":[{"href":"https:\/\/gerd-millmann.at\/index.php?rest_route=\/wp\/v2\/types\/page"}],"author":[{"embeddable":true,"href":"https:\/\/gerd-millmann.at\/index.php?rest_route=\/wp\/v2\/users\/2"}],"replies":[{"embeddable":true,"href":"https:\/\/gerd-millmann.at\/index.php?rest_route=%2Fwp%2Fv2%2Fcomments&post=629"}],"version-history":[{"count":0,"href":"https:\/\/gerd-millmann.at\/index.php?rest_route=\/wp\/v2\/pages\/629\/revisions"}],"up":[{"embeddable":true,"href":"https:\/\/gerd-millmann.at\/index.php?rest_route=\/wp\/v2\/pages\/11"}],"wp:attachment":[{"href":"https:\/\/gerd-millmann.at\/index.php?rest_route=%2Fwp%2Fv2%2Fmedia&parent=629"}],"curies":[{"name":"wp","href":"https:\/\/api.w.org\/{rel}","templated":true}]}}